{"id":369,"date":"2026-04-28T15:05:47","date_gmt":"2026-04-28T15:05:47","guid":{"rendered":"https:\/\/chamberlainsmarine.com\/?post_type=product&#038;p=369"},"modified":"2026-04-28T15:05:47","modified_gmt":"2026-04-28T15:05:47","slug":"rm0007-gasket","status":"publish","type":"product","link":"https:\/\/chamberlainsmarine.com\/pt\/produto\/rm0007-gasket\/","title":{"rendered":"RM0007 Junta"},"content":{"rendered":"<p>Junta de escape para motores Ford 302 ou 351<\/p>","protected":false},"excerpt":{"rendered":"<p>Junta de escape para motores Ford 302 ou 351<\/p>","protected":false},"featured_media":370,"comment_status":"open","ping_status":"closed","template":"","meta":{"_et_pb_use_builder":"","_et_pb_old_content":"","_et_gb_content_width":""},"product_brand":[],"product_cat":[20],"product_tag":[],"class_list":{"0":"post-369","1":"product","2":"type-product","3":"status-publish","4":"has-post-thumbnail","6":"product_cat-pleasurecraft-pcm-marine-engine-parts","8":"first","9":"instock","10":"shipping-taxable","11":"purchasable","12":"product-type-simple"},"yoast_head":"<!-- This site is optimized with the Yoast SEO plugin v27.5 - https:\/\/yoast.com\/product\/yoast-seo-wordpress\/ -->\n<title>RM0007 Gasket - Chamberlain Marine<\/title>\n<meta name=\"description\" content=\"Shop Chamberlains Marine for a exhaust gasket for 302 0r 351 Ford engines\" \/>\n<meta name=\"robots\" content=\"index, follow, max-snippet:-1, max-image-preview:large, max-video-preview:-1\" \/>\n<link rel=\"canonical\" href=\"https:\/\/chamberlainsmarine.com\/pt\/produto\/rm0007-gasket\/\" \/>\n<meta property=\"og:locale\" content=\"pt_BR\" \/>\n<meta property=\"og:type\" content=\"article\" \/>\n<meta property=\"og:title\" content=\"RM0007 Gasket - Chamberlain Marine\" \/>\n<meta property=\"og:description\" content=\"Shop Chamberlains Marine for a exhaust gasket for 302 0r 351 Ford engines\" \/>\n<meta property=\"og:url\" content=\"https:\/\/chamberlainsmarine.com\/pt\/produto\/rm0007-gasket\/\" \/>\n<meta property=\"og:site_name\" content=\"Chamberlain Marine\" \/>\n<meta property=\"og:image\" content=\"https:\/\/chamberlainsmarine.com\/wp-content\/uploads\/2026\/04\/RM0007-2.jpg\" \/>\n\t<meta property=\"og:image:width\" content=\"600\" \/>\n\t<meta property=\"og:image:height\" content=\"600\" \/>\n\t<meta property=\"og:image:type\" content=\"image\/jpeg\" \/>\n<meta name=\"twitter:card\" content=\"summary_large_image\" \/>\n<meta name=\"twitter:label1\" content=\"Est. tempo de leitura\" \/>\n\t<meta name=\"twitter:data1\" content=\"1 minuto\" \/>\n<script type=\"application\/ld+json\" class=\"yoast-schema-graph\">{\"@context\":\"https:\\\/\\\/schema.org\",\"@graph\":[{\"@type\":\"WebPage\",\"@id\":\"https:\\\/\\\/chamberlainsmarine.com\\\/product\\\/rm0007-gasket\\\/\",\"url\":\"https:\\\/\\\/chamberlainsmarine.com\\\/product\\\/rm0007-gasket\\\/\",\"name\":\"RM0007 Gasket - Chamberlain Marine\",\"isPartOf\":{\"@id\":\"https:\\\/\\\/chamberlainsmarine.com\\\/#website\"},\"primaryImageOfPage\":{\"@id\":\"https:\\\/\\\/chamberlainsmarine.com\\\/product\\\/rm0007-gasket\\\/#primaryimage\"},\"image\":{\"@id\":\"https:\\\/\\\/chamberlainsmarine.com\\\/product\\\/rm0007-gasket\\\/#primaryimage\"},\"thumbnailUrl\":\"https:\\\/\\\/chamberlainsmarine.com\\\/wp-content\\\/uploads\\\/2026\\\/04\\\/RM0007-2.jpg\",\"datePublished\":\"2026-04-28T15:05:47+00:00\",\"description\":\"Shop Chamberlains Marine for a exhaust gasket for 302 0r 351 Ford engines\",\"breadcrumb\":{\"@id\":\"https:\\\/\\\/chamberlainsmarine.com\\\/product\\\/rm0007-gasket\\\/#breadcrumb\"},\"inLanguage\":\"pt-BR\",\"potentialAction\":[{\"@type\":\"ReadAction\",\"target\":[\"https:\\\/\\\/chamberlainsmarine.com\\\/product\\\/rm0007-gasket\\\/\"]}]},{\"@type\":\"ImageObject\",\"inLanguage\":\"pt-BR\",\"@id\":\"https:\\\/\\\/chamberlainsmarine.com\\\/product\\\/rm0007-gasket\\\/#primaryimage\",\"url\":\"https:\\\/\\\/chamberlainsmarine.com\\\/wp-content\\\/uploads\\\/2026\\\/04\\\/RM0007-2.jpg\",\"contentUrl\":\"https:\\\/\\\/chamberlainsmarine.com\\\/wp-content\\\/uploads\\\/2026\\\/04\\\/RM0007-2.jpg\",\"width\":600,\"height\":600},{\"@type\":\"BreadcrumbList\",\"@id\":\"https:\\\/\\\/chamberlainsmarine.com\\\/product\\\/rm0007-gasket\\\/#breadcrumb\",\"itemListElement\":[{\"@type\":\"ListItem\",\"position\":1,\"name\":\"Home\",\"item\":\"https:\\\/\\\/chamberlainsmarine.com\\\/\"},{\"@type\":\"ListItem\",\"position\":2,\"name\":\"Shop\",\"item\":\"https:\\\/\\\/chamberlainsmarine.com\\\/shop\\\/\"},{\"@type\":\"ListItem\",\"position\":3,\"name\":\"RM0007 Gasket\"}]},{\"@type\":\"WebSite\",\"@id\":\"https:\\\/\\\/chamberlainsmarine.com\\\/#website\",\"url\":\"https:\\\/\\\/chamberlainsmarine.com\\\/\",\"name\":\"Chamberlain's Marine Engines - Transmissions - Mufflers\",\"description\":\"Marine Engines, Mufflers, Transmissions, and more\",\"potentialAction\":[{\"@type\":\"SearchAction\",\"target\":{\"@type\":\"EntryPoint\",\"urlTemplate\":\"https:\\\/\\\/chamberlainsmarine.com\\\/?s={search_term_string}\"},\"query-input\":{\"@type\":\"PropertyValueSpecification\",\"valueRequired\":true,\"valueName\":\"search_term_string\"}}],\"inLanguage\":\"pt-BR\"}]}<\/script>\n<!-- \/ Yoast SEO plugin. -->","yoast_head_json":{"title":"RM0007 Gasket - Chamberlain Marine","description":"Shop Chamberlains Marine for a exhaust gasket for 302 0r 351 Ford engines","robots":{"index":"index","follow":"follow","max-snippet":"max-snippet:-1","max-image-preview":"max-image-preview:large","max-video-preview":"max-video-preview:-1"},"canonical":"https:\/\/chamberlainsmarine.com\/pt\/produto\/rm0007-gasket\/","og_locale":"pt_BR","og_type":"article","og_title":"RM0007 Gasket - Chamberlain Marine","og_description":"Shop Chamberlains Marine for a exhaust gasket for 302 0r 351 Ford engines","og_url":"https:\/\/chamberlainsmarine.com\/pt\/produto\/rm0007-gasket\/","og_site_name":"Chamberlain Marine","og_image":[{"width":600,"height":600,"url":"https:\/\/chamberlainsmarine.com\/wp-content\/uploads\/2026\/04\/RM0007-2.jpg","type":"image\/jpeg"}],"twitter_card":"summary_large_image","twitter_misc":{"Est. tempo de leitura":"1 minuto"},"schema":{"@context":"https:\/\/schema.org","@graph":[{"@type":"WebPage","@id":"https:\/\/chamberlainsmarine.com\/product\/rm0007-gasket\/","url":"https:\/\/chamberlainsmarine.com\/product\/rm0007-gasket\/","name":"RM0007 Gasket - Chamberlain Marine","isPartOf":{"@id":"https:\/\/chamberlainsmarine.com\/#website"},"primaryImageOfPage":{"@id":"https:\/\/chamberlainsmarine.com\/product\/rm0007-gasket\/#primaryimage"},"image":{"@id":"https:\/\/chamberlainsmarine.com\/product\/rm0007-gasket\/#primaryimage"},"thumbnailUrl":"https:\/\/chamberlainsmarine.com\/wp-content\/uploads\/2026\/04\/RM0007-2.jpg","datePublished":"2026-04-28T15:05:47+00:00","description":"Shop Chamberlains Marine for a exhaust gasket for 302 0r 351 Ford engines","breadcrumb":{"@id":"https:\/\/chamberlainsmarine.com\/product\/rm0007-gasket\/#breadcrumb"},"inLanguage":"pt-BR","potentialAction":[{"@type":"ReadAction","target":["https:\/\/chamberlainsmarine.com\/product\/rm0007-gasket\/"]}]},{"@type":"ImageObject","inLanguage":"pt-BR","@id":"https:\/\/chamberlainsmarine.com\/product\/rm0007-gasket\/#primaryimage","url":"https:\/\/chamberlainsmarine.com\/wp-content\/uploads\/2026\/04\/RM0007-2.jpg","contentUrl":"https:\/\/chamberlainsmarine.com\/wp-content\/uploads\/2026\/04\/RM0007-2.jpg","width":600,"height":600},{"@type":"BreadcrumbList","@id":"https:\/\/chamberlainsmarine.com\/product\/rm0007-gasket\/#breadcrumb","itemListElement":[{"@type":"ListItem","position":1,"name":"Home","item":"https:\/\/chamberlainsmarine.com\/"},{"@type":"ListItem","position":2,"name":"Shop","item":"https:\/\/chamberlainsmarine.com\/shop\/"},{"@type":"ListItem","position":3,"name":"RM0007 Gasket"}]},{"@type":"WebSite","@id":"https:\/\/chamberlainsmarine.com\/#website","url":"https:\/\/chamberlainsmarine.com\/","name":"Chamberlain's Marine Engines - Transmissions - Mufflers (Motores mar\u00edtimos - Transmiss\u00f5es - Silenciadores)","description":"Motores mar\u00edtimos, silenciosos, transmiss\u00f5es e muito mais","potentialAction":[{"@type":"SearchAction","target":{"@type":"EntryPoint","urlTemplate":"https:\/\/chamberlainsmarine.com\/?s={search_term_string}"},"query-input":{"@type":"PropertyValueSpecification","valueRequired":true,"valueName":"search_term_string"}}],"inLanguage":"pt-BR"}]}},"_links":{"self":[{"href":"https:\/\/chamberlainsmarine.com\/pt\/wp-json\/wp\/v2\/product\/369","targetHints":{"allow":["GET"]}}],"collection":[{"href":"https:\/\/chamberlainsmarine.com\/pt\/wp-json\/wp\/v2\/product"}],"about":[{"href":"https:\/\/chamberlainsmarine.com\/pt\/wp-json\/wp\/v2\/types\/product"}],"replies":[{"embeddable":true,"href":"https:\/\/chamberlainsmarine.com\/pt\/wp-json\/wp\/v2\/comments?post=369"}],"wp:featuredmedia":[{"embeddable":true,"href":"https:\/\/chamberlainsmarine.com\/pt\/wp-json\/wp\/v2\/media\/370"}],"wp:attachment":[{"href":"https:\/\/chamberlainsmarine.com\/pt\/wp-json\/wp\/v2\/media?parent=369"}],"wp:term":[{"taxonomy":"product_brand","embeddable":true,"href":"https:\/\/chamberlainsmarine.com\/pt\/wp-json\/wp\/v2\/product_brand?post=369"},{"taxonomy":"product_cat","embeddable":true,"href":"https:\/\/chamberlainsmarine.com\/pt\/wp-json\/wp\/v2\/product_cat?post=369"},{"taxonomy":"product_tag","embeddable":true,"href":"https:\/\/chamberlainsmarine.com\/pt\/wp-json\/wp\/v2\/product_tag?post=369"}],"curies":[{"name":"wp","href":"https:\/\/api.w.org\/{rel}","templated":true}]}}