{"id":326,"date":"2025-03-13T15:16:35","date_gmt":"2025-03-13T15:16:35","guid":{"rendered":"https:\/\/chamberlainsmarine.com\/?post_type=product&#038;p=326"},"modified":"2025-03-13T15:16:35","modified_gmt":"2025-03-13T15:16:35","slug":"1200300-thru-hull-fitting-with-flapper","status":"publish","type":"product","link":"https:\/\/chamberlainsmarine.com\/pt\/produto\/1200300-thru-hull-fitting-with-flapper\/","title":{"rendered":"1200300 Conex\u00e3o atrav\u00e9s do casco com v\u00e1lvula"},"content":{"rendered":"<p>Conex\u00e3o atrav\u00e9s do casco com v\u00e1lvula dispon\u00edvel em 2\u2033 a 5\u2033 Pre\u00e7o a partir de $69.00<\/p>","protected":false},"excerpt":{"rendered":"<p>Conex\u00e3o atrav\u00e9s do casco com v\u00e1lvula dispon\u00edvel em 2\u2033 a 5\u2033 Pre\u00e7o a partir de $69.00<\/p>","protected":false},"featured_media":327,"comment_status":"open","ping_status":"closed","template":"","meta":{"_et_pb_use_builder":"","_et_pb_old_content":"","_et_gb_content_width":""},"product_brand":[],"product_cat":[24],"product_tag":[],"class_list":{"0":"post-326","1":"product","2":"type-product","3":"status-publish","4":"has-post-thumbnail","6":"product_cat-marine-mufflers","8":"first","9":"instock","10":"shipping-taxable","11":"purchasable","12":"product-type-simple"},"yoast_head":"<!-- This site is optimized with the Yoast SEO plugin v27.3 - https:\/\/yoast.com\/product\/yoast-seo-wordpress\/ -->\n<title>1200300 Thru Hull Fitting With Flapper - Chamberlain Marine<\/title>\n<meta name=\"description\" content=\"Shop Chamberlain Marine for a thru hull fitting with flapper available in 2&quot; to 5&quot; Priced from $69.00\" \/>\n<meta name=\"robots\" content=\"index, follow, max-snippet:-1, max-image-preview:large, max-video-preview:-1\" \/>\n<link rel=\"canonical\" href=\"https:\/\/chamberlainsmarine.com\/pt\/produto\/1200300-thru-hull-fitting-with-flapper\/\" \/>\n<meta property=\"og:locale\" content=\"pt_BR\" \/>\n<meta property=\"og:type\" content=\"article\" \/>\n<meta property=\"og:title\" content=\"1200300 Thru Hull Fitting With Flapper - Chamberlain Marine\" \/>\n<meta property=\"og:description\" content=\"Shop Chamberlain Marine for a thru hull fitting with flapper available in 2&quot; to 5&quot; Priced from $69.00\" \/>\n<meta property=\"og:url\" content=\"https:\/\/chamberlainsmarine.com\/pt\/produto\/1200300-thru-hull-fitting-with-flapper\/\" \/>\n<meta property=\"og:site_name\" content=\"Chamberlain Marine\" \/>\n<meta property=\"og:image\" content=\"https:\/\/chamberlainsmarine.com\/wp-content\/uploads\/2025\/03\/Muffler-Flapper-2.jpg\" \/>\n\t<meta property=\"og:image:width\" content=\"500\" \/>\n\t<meta property=\"og:image:height\" content=\"442\" \/>\n\t<meta property=\"og:image:type\" content=\"image\/jpeg\" \/>\n<meta name=\"twitter:card\" content=\"summary_large_image\" \/>\n<meta name=\"twitter:label1\" content=\"Est. tempo de leitura\" \/>\n\t<meta name=\"twitter:data1\" content=\"1 minuto\" \/>\n<script type=\"application\/ld+json\" class=\"yoast-schema-graph\">{\"@context\":\"https:\\\/\\\/schema.org\",\"@graph\":[{\"@type\":\"WebPage\",\"@id\":\"https:\\\/\\\/chamberlainsmarine.com\\\/product\\\/1200300-thru-hull-fitting-with-flapper\\\/\",\"url\":\"https:\\\/\\\/chamberlainsmarine.com\\\/product\\\/1200300-thru-hull-fitting-with-flapper\\\/\",\"name\":\"1200300 Thru Hull Fitting With Flapper - Chamberlain Marine\",\"isPartOf\":{\"@id\":\"https:\\\/\\\/chamberlainsmarine.com\\\/#website\"},\"primaryImageOfPage\":{\"@id\":\"https:\\\/\\\/chamberlainsmarine.com\\\/product\\\/1200300-thru-hull-fitting-with-flapper\\\/#primaryimage\"},\"image\":{\"@id\":\"https:\\\/\\\/chamberlainsmarine.com\\\/product\\\/1200300-thru-hull-fitting-with-flapper\\\/#primaryimage\"},\"thumbnailUrl\":\"https:\\\/\\\/chamberlainsmarine.com\\\/wp-content\\\/uploads\\\/2025\\\/03\\\/Muffler-Flapper-2.jpg\",\"datePublished\":\"2025-03-13T15:16:35+00:00\",\"description\":\"Shop Chamberlain Marine for a thru hull fitting with flapper available in 2\\\" to 5\\\" Priced from $69.00\",\"breadcrumb\":{\"@id\":\"https:\\\/\\\/chamberlainsmarine.com\\\/product\\\/1200300-thru-hull-fitting-with-flapper\\\/#breadcrumb\"},\"inLanguage\":\"pt-BR\",\"potentialAction\":[{\"@type\":\"ReadAction\",\"target\":[\"https:\\\/\\\/chamberlainsmarine.com\\\/product\\\/1200300-thru-hull-fitting-with-flapper\\\/\"]}]},{\"@type\":\"ImageObject\",\"inLanguage\":\"pt-BR\",\"@id\":\"https:\\\/\\\/chamberlainsmarine.com\\\/product\\\/1200300-thru-hull-fitting-with-flapper\\\/#primaryimage\",\"url\":\"https:\\\/\\\/chamberlainsmarine.com\\\/wp-content\\\/uploads\\\/2025\\\/03\\\/Muffler-Flapper-2.jpg\",\"contentUrl\":\"https:\\\/\\\/chamberlainsmarine.com\\\/wp-content\\\/uploads\\\/2025\\\/03\\\/Muffler-Flapper-2.jpg\",\"width\":500,\"height\":442},{\"@type\":\"BreadcrumbList\",\"@id\":\"https:\\\/\\\/chamberlainsmarine.com\\\/product\\\/1200300-thru-hull-fitting-with-flapper\\\/#breadcrumb\",\"itemListElement\":[{\"@type\":\"ListItem\",\"position\":1,\"name\":\"Home\",\"item\":\"https:\\\/\\\/chamberlainsmarine.com\\\/\"},{\"@type\":\"ListItem\",\"position\":2,\"name\":\"Shop\",\"item\":\"https:\\\/\\\/chamberlainsmarine.com\\\/shop\\\/\"},{\"@type\":\"ListItem\",\"position\":3,\"name\":\"1200300 Thru Hull Fitting With Flapper\"}]},{\"@type\":\"WebSite\",\"@id\":\"https:\\\/\\\/chamberlainsmarine.com\\\/#website\",\"url\":\"https:\\\/\\\/chamberlainsmarine.com\\\/\",\"name\":\"Chamberlain's Marine Engines - Transmissions - Mufflers\",\"description\":\"Marine Engines, Mufflers, Transmissions, and more\",\"potentialAction\":[{\"@type\":\"SearchAction\",\"target\":{\"@type\":\"EntryPoint\",\"urlTemplate\":\"https:\\\/\\\/chamberlainsmarine.com\\\/?s={search_term_string}\"},\"query-input\":{\"@type\":\"PropertyValueSpecification\",\"valueRequired\":true,\"valueName\":\"search_term_string\"}}],\"inLanguage\":\"pt-BR\"}]}<\/script>\n<!-- \/ Yoast SEO plugin. -->","yoast_head_json":{"title":"1200300 Conex\u00e3o atrav\u00e9s do casco com v\u00e1lvula - Chamberlain Marine","description":"Compre na Chamberlain Marine uma conex\u00e3o de passagem do casco com v\u00e1lvula dispon\u00edvel de 2\" a 5\" com pre\u00e7o a partir de $69.00","robots":{"index":"index","follow":"follow","max-snippet":"max-snippet:-1","max-image-preview":"max-image-preview:large","max-video-preview":"max-video-preview:-1"},"canonical":"https:\/\/chamberlainsmarine.com\/pt\/produto\/1200300-thru-hull-fitting-with-flapper\/","og_locale":"pt_BR","og_type":"article","og_title":"1200300 Thru Hull Fitting With Flapper - Chamberlain Marine","og_description":"Shop Chamberlain Marine for a thru hull fitting with flapper available in 2\" to 5\" Priced from $69.00","og_url":"https:\/\/chamberlainsmarine.com\/pt\/produto\/1200300-thru-hull-fitting-with-flapper\/","og_site_name":"Chamberlain Marine","og_image":[{"width":500,"height":442,"url":"https:\/\/chamberlainsmarine.com\/wp-content\/uploads\/2025\/03\/Muffler-Flapper-2.jpg","type":"image\/jpeg"}],"twitter_card":"summary_large_image","twitter_misc":{"Est. tempo de leitura":"1 minuto"},"schema":{"@context":"https:\/\/schema.org","@graph":[{"@type":"WebPage","@id":"https:\/\/chamberlainsmarine.com\/product\/1200300-thru-hull-fitting-with-flapper\/","url":"https:\/\/chamberlainsmarine.com\/product\/1200300-thru-hull-fitting-with-flapper\/","name":"1200300 Conex\u00e3o atrav\u00e9s do casco com v\u00e1lvula - Chamberlain Marine","isPartOf":{"@id":"https:\/\/chamberlainsmarine.com\/#website"},"primaryImageOfPage":{"@id":"https:\/\/chamberlainsmarine.com\/product\/1200300-thru-hull-fitting-with-flapper\/#primaryimage"},"image":{"@id":"https:\/\/chamberlainsmarine.com\/product\/1200300-thru-hull-fitting-with-flapper\/#primaryimage"},"thumbnailUrl":"https:\/\/chamberlainsmarine.com\/wp-content\/uploads\/2025\/03\/Muffler-Flapper-2.jpg","datePublished":"2025-03-13T15:16:35+00:00","description":"Compre na Chamberlain Marine uma conex\u00e3o de passagem do casco com v\u00e1lvula dispon\u00edvel de 2\" a 5\" com pre\u00e7o a partir de $69.00","breadcrumb":{"@id":"https:\/\/chamberlainsmarine.com\/product\/1200300-thru-hull-fitting-with-flapper\/#breadcrumb"},"inLanguage":"pt-BR","potentialAction":[{"@type":"ReadAction","target":["https:\/\/chamberlainsmarine.com\/product\/1200300-thru-hull-fitting-with-flapper\/"]}]},{"@type":"ImageObject","inLanguage":"pt-BR","@id":"https:\/\/chamberlainsmarine.com\/product\/1200300-thru-hull-fitting-with-flapper\/#primaryimage","url":"https:\/\/chamberlainsmarine.com\/wp-content\/uploads\/2025\/03\/Muffler-Flapper-2.jpg","contentUrl":"https:\/\/chamberlainsmarine.com\/wp-content\/uploads\/2025\/03\/Muffler-Flapper-2.jpg","width":500,"height":442},{"@type":"BreadcrumbList","@id":"https:\/\/chamberlainsmarine.com\/product\/1200300-thru-hull-fitting-with-flapper\/#breadcrumb","itemListElement":[{"@type":"ListItem","position":1,"name":"Home","item":"https:\/\/chamberlainsmarine.com\/"},{"@type":"ListItem","position":2,"name":"Shop","item":"https:\/\/chamberlainsmarine.com\/shop\/"},{"@type":"ListItem","position":3,"name":"1200300 Thru Hull Fitting With Flapper"}]},{"@type":"WebSite","@id":"https:\/\/chamberlainsmarine.com\/#website","url":"https:\/\/chamberlainsmarine.com\/","name":"Chamberlain's Marine Engines - Transmissions - Mufflers (Motores mar\u00edtimos - Transmiss\u00f5es - Silenciadores)","description":"Motores mar\u00edtimos, silenciosos, transmiss\u00f5es e muito mais","potentialAction":[{"@type":"SearchAction","target":{"@type":"EntryPoint","urlTemplate":"https:\/\/chamberlainsmarine.com\/?s={search_term_string}"},"query-input":{"@type":"PropertyValueSpecification","valueRequired":true,"valueName":"search_term_string"}}],"inLanguage":"pt-BR"}]}},"_links":{"self":[{"href":"https:\/\/chamberlainsmarine.com\/pt\/wp-json\/wp\/v2\/product\/326","targetHints":{"allow":["GET"]}}],"collection":[{"href":"https:\/\/chamberlainsmarine.com\/pt\/wp-json\/wp\/v2\/product"}],"about":[{"href":"https:\/\/chamberlainsmarine.com\/pt\/wp-json\/wp\/v2\/types\/product"}],"replies":[{"embeddable":true,"href":"https:\/\/chamberlainsmarine.com\/pt\/wp-json\/wp\/v2\/comments?post=326"}],"wp:featuredmedia":[{"embeddable":true,"href":"https:\/\/chamberlainsmarine.com\/pt\/wp-json\/wp\/v2\/media\/327"}],"wp:attachment":[{"href":"https:\/\/chamberlainsmarine.com\/pt\/wp-json\/wp\/v2\/media?parent=326"}],"wp:term":[{"taxonomy":"product_brand","embeddable":true,"href":"https:\/\/chamberlainsmarine.com\/pt\/wp-json\/wp\/v2\/product_brand?post=326"},{"taxonomy":"product_cat","embeddable":true,"href":"https:\/\/chamberlainsmarine.com\/pt\/wp-json\/wp\/v2\/product_cat?post=326"},{"taxonomy":"product_tag","embeddable":true,"href":"https:\/\/chamberlainsmarine.com\/pt\/wp-json\/wp\/v2\/product_tag?post=326"}],"curies":[{"name":"wp","href":"https:\/\/api.w.org\/{rel}","templated":true}]}}