{"id":310,"date":"2025-03-04T17:17:42","date_gmt":"2025-03-04T17:17:42","guid":{"rendered":"https:\/\/chamberlainsmarine.com\/?post_type=product&#038;p=310"},"modified":"2025-03-12T15:07:43","modified_gmt":"2025-03-12T15:07:43","slug":"1500009-vernalift-top-in-top-out","status":"publish","type":"product","link":"https:\/\/chamberlainsmarine.com\/pt\/produto\/1500009-vernalift-top-in-top-out\/","title":{"rendered":"1500009 Silenciador Vernalift Top In-Top Out"},"content":{"rendered":"<p>Aplica\u00e7\u00f5es: Motores de popa, barcos a vela e geradores. Acima ou abaixo da linha d'\u00e1gua. Dispon\u00edvel com entrada\/sa\u00edda de 2\u2033 a 10\u2033. Pre\u00e7o a partir de $259.00<\/p>","protected":false},"excerpt":{"rendered":"<p>Aplica\u00e7\u00f5es: Motores de popa, barcos a vela e geradores. Acima ou abaixo da linha d'\u00e1gua. Dispon\u00edvel com entrada\/sa\u00edda de 2\u2033 a 10\u2033. Pre\u00e7o a partir de $259.00<\/p>","protected":false},"featured_media":311,"comment_status":"open","ping_status":"closed","template":"","meta":{"_et_pb_use_builder":"","_et_pb_old_content":"","_et_gb_content_width":""},"product_brand":[],"product_cat":[24],"product_tag":[],"class_list":{"0":"post-310","1":"product","2":"type-product","3":"status-publish","4":"has-post-thumbnail","6":"product_cat-marine-mufflers","8":"first","9":"instock","10":"shipping-taxable","11":"purchasable","12":"product-type-simple"},"yoast_head":"<!-- This site is optimized with the Yoast SEO plugin v27.4 - https:\/\/yoast.com\/product\/yoast-seo-wordpress\/ -->\n<title>1500009 Vernalift Top In-Top Out Muffler - Chamberlain Marine<\/title>\n<meta name=\"description\" content=\"Shop Chamberlains Marine for a Vernalift Top in-Top out Muffler Application: Inboards, Sailboats, &amp; Generators. Above or below waterline Priced from $259.00\" \/>\n<meta name=\"robots\" content=\"index, follow, max-snippet:-1, max-image-preview:large, max-video-preview:-1\" \/>\n<link rel=\"canonical\" href=\"https:\/\/chamberlainsmarine.com\/pt\/produto\/1500009-vernalift-top-in-top-out\/\" \/>\n<meta property=\"og:locale\" content=\"pt_BR\" \/>\n<meta property=\"og:type\" content=\"article\" \/>\n<meta property=\"og:title\" content=\"1500009 Vernalift Top In-Top Out Muffler - Chamberlain Marine\" \/>\n<meta property=\"og:description\" content=\"Shop Chamberlains Marine for a Vernalift Top in-Top out Muffler Application: Inboards, Sailboats, &amp; Generators. Above or below waterline Priced from $259.00\" \/>\n<meta property=\"og:url\" content=\"https:\/\/chamberlainsmarine.com\/pt\/produto\/1500009-vernalift-top-in-top-out\/\" \/>\n<meta property=\"og:site_name\" content=\"Chamberlain Marine\" \/>\n<meta property=\"article:modified_time\" content=\"2025-03-12T15:07:43+00:00\" \/>\n<meta property=\"og:image\" content=\"https:\/\/chamberlainsmarine.com\/wp-content\/uploads\/2025\/03\/Muffler-top-in-top-out-2.jpg\" \/>\n\t<meta property=\"og:image:width\" content=\"416\" \/>\n\t<meta property=\"og:image:height\" content=\"500\" \/>\n\t<meta property=\"og:image:type\" content=\"image\/jpeg\" \/>\n<meta name=\"twitter:card\" content=\"summary_large_image\" \/>\n<meta name=\"twitter:label1\" content=\"Est. tempo de leitura\" \/>\n\t<meta name=\"twitter:data1\" content=\"1 minuto\" \/>\n<script type=\"application\/ld+json\" class=\"yoast-schema-graph\">{\"@context\":\"https:\\\/\\\/schema.org\",\"@graph\":[{\"@type\":\"WebPage\",\"@id\":\"https:\\\/\\\/chamberlainsmarine.com\\\/product\\\/1500009-vernalift-top-in-top-out\\\/\",\"url\":\"https:\\\/\\\/chamberlainsmarine.com\\\/product\\\/1500009-vernalift-top-in-top-out\\\/\",\"name\":\"1500009 Vernalift Top In-Top Out Muffler - Chamberlain Marine\",\"isPartOf\":{\"@id\":\"https:\\\/\\\/chamberlainsmarine.com\\\/#website\"},\"primaryImageOfPage\":{\"@id\":\"https:\\\/\\\/chamberlainsmarine.com\\\/product\\\/1500009-vernalift-top-in-top-out\\\/#primaryimage\"},\"image\":{\"@id\":\"https:\\\/\\\/chamberlainsmarine.com\\\/product\\\/1500009-vernalift-top-in-top-out\\\/#primaryimage\"},\"thumbnailUrl\":\"https:\\\/\\\/chamberlainsmarine.com\\\/wp-content\\\/uploads\\\/2025\\\/03\\\/Muffler-top-in-top-out-2.jpg\",\"datePublished\":\"2025-03-04T17:17:42+00:00\",\"dateModified\":\"2025-03-12T15:07:43+00:00\",\"description\":\"Shop Chamberlains Marine for a Vernalift Top in-Top out Muffler Application: Inboards, Sailboats, & Generators. Above or below waterline Priced from $259.00\",\"breadcrumb\":{\"@id\":\"https:\\\/\\\/chamberlainsmarine.com\\\/product\\\/1500009-vernalift-top-in-top-out\\\/#breadcrumb\"},\"inLanguage\":\"pt-BR\",\"potentialAction\":[{\"@type\":\"ReadAction\",\"target\":[\"https:\\\/\\\/chamberlainsmarine.com\\\/product\\\/1500009-vernalift-top-in-top-out\\\/\"]}]},{\"@type\":\"ImageObject\",\"inLanguage\":\"pt-BR\",\"@id\":\"https:\\\/\\\/chamberlainsmarine.com\\\/product\\\/1500009-vernalift-top-in-top-out\\\/#primaryimage\",\"url\":\"https:\\\/\\\/chamberlainsmarine.com\\\/wp-content\\\/uploads\\\/2025\\\/03\\\/Muffler-top-in-top-out-2.jpg\",\"contentUrl\":\"https:\\\/\\\/chamberlainsmarine.com\\\/wp-content\\\/uploads\\\/2025\\\/03\\\/Muffler-top-in-top-out-2.jpg\",\"width\":416,\"height\":500},{\"@type\":\"BreadcrumbList\",\"@id\":\"https:\\\/\\\/chamberlainsmarine.com\\\/product\\\/1500009-vernalift-top-in-top-out\\\/#breadcrumb\",\"itemListElement\":[{\"@type\":\"ListItem\",\"position\":1,\"name\":\"Home\",\"item\":\"https:\\\/\\\/chamberlainsmarine.com\\\/\"},{\"@type\":\"ListItem\",\"position\":2,\"name\":\"Shop\",\"item\":\"https:\\\/\\\/chamberlainsmarine.com\\\/shop\\\/\"},{\"@type\":\"ListItem\",\"position\":3,\"name\":\"1500009 Vernalift Top In-Top Out Muffler\"}]},{\"@type\":\"WebSite\",\"@id\":\"https:\\\/\\\/chamberlainsmarine.com\\\/#website\",\"url\":\"https:\\\/\\\/chamberlainsmarine.com\\\/\",\"name\":\"Chamberlain's Marine Engines - Transmissions - Mufflers\",\"description\":\"Marine Engines, Mufflers, Transmissions, and more\",\"potentialAction\":[{\"@type\":\"SearchAction\",\"target\":{\"@type\":\"EntryPoint\",\"urlTemplate\":\"https:\\\/\\\/chamberlainsmarine.com\\\/?s={search_term_string}\"},\"query-input\":{\"@type\":\"PropertyValueSpecification\",\"valueRequired\":true,\"valueName\":\"search_term_string\"}}],\"inLanguage\":\"pt-BR\"}]}<\/script>\n<!-- \/ Yoast SEO plugin. -->","yoast_head_json":{"title":"1500009 Vernalift Top In-Top Out Muffler - Chamberlain Marine","description":"Shop Chamberlains Marine for a Vernalift Top in-Top out Muffler Application: Inboards, Sailboats, & Generators. Above or below waterline Priced from $259.00","robots":{"index":"index","follow":"follow","max-snippet":"max-snippet:-1","max-image-preview":"max-image-preview:large","max-video-preview":"max-video-preview:-1"},"canonical":"https:\/\/chamberlainsmarine.com\/pt\/produto\/1500009-vernalift-top-in-top-out\/","og_locale":"pt_BR","og_type":"article","og_title":"1500009 Vernalift Top In-Top Out Muffler - Chamberlain Marine","og_description":"Shop Chamberlains Marine for a Vernalift Top in-Top out Muffler Application: Inboards, Sailboats, & Generators. Above or below waterline Priced from $259.00","og_url":"https:\/\/chamberlainsmarine.com\/pt\/produto\/1500009-vernalift-top-in-top-out\/","og_site_name":"Chamberlain Marine","article_modified_time":"2025-03-12T15:07:43+00:00","og_image":[{"width":416,"height":500,"url":"https:\/\/chamberlainsmarine.com\/wp-content\/uploads\/2025\/03\/Muffler-top-in-top-out-2.jpg","type":"image\/jpeg"}],"twitter_card":"summary_large_image","twitter_misc":{"Est. tempo de leitura":"1 minuto"},"schema":{"@context":"https:\/\/schema.org","@graph":[{"@type":"WebPage","@id":"https:\/\/chamberlainsmarine.com\/product\/1500009-vernalift-top-in-top-out\/","url":"https:\/\/chamberlainsmarine.com\/product\/1500009-vernalift-top-in-top-out\/","name":"1500009 Vernalift Top In-Top Out Muffler - Chamberlain Marine","isPartOf":{"@id":"https:\/\/chamberlainsmarine.com\/#website"},"primaryImageOfPage":{"@id":"https:\/\/chamberlainsmarine.com\/product\/1500009-vernalift-top-in-top-out\/#primaryimage"},"image":{"@id":"https:\/\/chamberlainsmarine.com\/product\/1500009-vernalift-top-in-top-out\/#primaryimage"},"thumbnailUrl":"https:\/\/chamberlainsmarine.com\/wp-content\/uploads\/2025\/03\/Muffler-top-in-top-out-2.jpg","datePublished":"2025-03-04T17:17:42+00:00","dateModified":"2025-03-12T15:07:43+00:00","description":"Shop Chamberlains Marine for a Vernalift Top in-Top out Muffler Application: Inboards, Sailboats, & Generators. Above or below waterline Priced from $259.00","breadcrumb":{"@id":"https:\/\/chamberlainsmarine.com\/product\/1500009-vernalift-top-in-top-out\/#breadcrumb"},"inLanguage":"pt-BR","potentialAction":[{"@type":"ReadAction","target":["https:\/\/chamberlainsmarine.com\/product\/1500009-vernalift-top-in-top-out\/"]}]},{"@type":"ImageObject","inLanguage":"pt-BR","@id":"https:\/\/chamberlainsmarine.com\/product\/1500009-vernalift-top-in-top-out\/#primaryimage","url":"https:\/\/chamberlainsmarine.com\/wp-content\/uploads\/2025\/03\/Muffler-top-in-top-out-2.jpg","contentUrl":"https:\/\/chamberlainsmarine.com\/wp-content\/uploads\/2025\/03\/Muffler-top-in-top-out-2.jpg","width":416,"height":500},{"@type":"BreadcrumbList","@id":"https:\/\/chamberlainsmarine.com\/product\/1500009-vernalift-top-in-top-out\/#breadcrumb","itemListElement":[{"@type":"ListItem","position":1,"name":"Home","item":"https:\/\/chamberlainsmarine.com\/"},{"@type":"ListItem","position":2,"name":"Shop","item":"https:\/\/chamberlainsmarine.com\/shop\/"},{"@type":"ListItem","position":3,"name":"1500009 Vernalift Top In-Top Out Muffler"}]},{"@type":"WebSite","@id":"https:\/\/chamberlainsmarine.com\/#website","url":"https:\/\/chamberlainsmarine.com\/","name":"Chamberlain's Marine Engines - Transmissions - Mufflers (Motores mar\u00edtimos - Transmiss\u00f5es - Silenciadores)","description":"Motores mar\u00edtimos, silenciosos, transmiss\u00f5es e muito mais","potentialAction":[{"@type":"SearchAction","target":{"@type":"EntryPoint","urlTemplate":"https:\/\/chamberlainsmarine.com\/?s={search_term_string}"},"query-input":{"@type":"PropertyValueSpecification","valueRequired":true,"valueName":"search_term_string"}}],"inLanguage":"pt-BR"}]}},"_links":{"self":[{"href":"https:\/\/chamberlainsmarine.com\/pt\/wp-json\/wp\/v2\/product\/310","targetHints":{"allow":["GET"]}}],"collection":[{"href":"https:\/\/chamberlainsmarine.com\/pt\/wp-json\/wp\/v2\/product"}],"about":[{"href":"https:\/\/chamberlainsmarine.com\/pt\/wp-json\/wp\/v2\/types\/product"}],"replies":[{"embeddable":true,"href":"https:\/\/chamberlainsmarine.com\/pt\/wp-json\/wp\/v2\/comments?post=310"}],"wp:featuredmedia":[{"embeddable":true,"href":"https:\/\/chamberlainsmarine.com\/pt\/wp-json\/wp\/v2\/media\/311"}],"wp:attachment":[{"href":"https:\/\/chamberlainsmarine.com\/pt\/wp-json\/wp\/v2\/media?parent=310"}],"wp:term":[{"taxonomy":"product_brand","embeddable":true,"href":"https:\/\/chamberlainsmarine.com\/pt\/wp-json\/wp\/v2\/product_brand?post=310"},{"taxonomy":"product_cat","embeddable":true,"href":"https:\/\/chamberlainsmarine.com\/pt\/wp-json\/wp\/v2\/product_cat?post=310"},{"taxonomy":"product_tag","embeddable":true,"href":"https:\/\/chamberlainsmarine.com\/pt\/wp-json\/wp\/v2\/product_tag?post=310"}],"curies":[{"name":"wp","href":"https:\/\/api.w.org\/{rel}","templated":true}]}}