{"id":175,"date":"2024-09-04T17:14:37","date_gmt":"2024-09-04T17:14:37","guid":{"rendered":"https:\/\/chamberlainsmarine.com\/?post_type=product&#038;p=175"},"modified":"2026-02-03T16:22:32","modified_gmt":"2026-02-03T16:22:32","slug":"r020001-oil-pressure-sending-unit","status":"publish","type":"product","link":"https:\/\/chamberlainsmarine.com\/pt\/produto\/r020001-oil-pressure-sending-unit\/","title":{"rendered":"R020001 Unidade de envio de press\u00e3o do \u00f3leo"},"content":{"rendered":"<p>Unidade de envio da press\u00e3o do \u00f3leo<\/p>\n<p><strong>ENTRE EM CONTATO PARA OBTER PRE\u00c7OS ESPECIAIS<\/strong><\/p>","protected":false},"excerpt":{"rendered":"<p>Oil pressure sending unit PLEASE CALL FOR SPECIAL PRICING<\/p>","protected":false},"featured_media":176,"comment_status":"open","ping_status":"closed","template":"","meta":{"_et_pb_use_builder":"","_et_pb_old_content":"","_et_gb_content_width":""},"product_brand":[],"product_cat":[20],"product_tag":[],"class_list":{"0":"post-175","1":"product","2":"type-product","3":"status-publish","4":"has-post-thumbnail","6":"product_cat-pleasurecraft-pcm-marine-engine-parts","8":"first","9":"instock","10":"shipping-taxable","11":"purchasable","12":"product-type-simple"},"yoast_head":"<!-- This site is optimized with the Yoast SEO plugin v27.3 - https:\/\/yoast.com\/product\/yoast-seo-wordpress\/ -->\n<title>R020001 Oil Pressure Sending Unit - Chamberlain Marine<\/title>\n<meta name=\"description\" content=\"Oil pressure sending unit\" \/>\n<meta name=\"robots\" content=\"index, follow, max-snippet:-1, max-image-preview:large, max-video-preview:-1\" \/>\n<link rel=\"canonical\" href=\"https:\/\/chamberlainsmarine.com\/pt\/produto\/r020001-oil-pressure-sending-unit\/\" \/>\n<meta property=\"og:locale\" content=\"pt_BR\" \/>\n<meta property=\"og:type\" content=\"article\" \/>\n<meta property=\"og:title\" content=\"R020001 Oil Pressure Sending Unit - Chamberlain Marine\" \/>\n<meta property=\"og:description\" content=\"Oil pressure sending unit\" \/>\n<meta property=\"og:url\" content=\"https:\/\/chamberlainsmarine.com\/pt\/produto\/r020001-oil-pressure-sending-unit\/\" \/>\n<meta property=\"og:site_name\" content=\"Chamberlain Marine\" \/>\n<meta property=\"article:modified_time\" content=\"2026-02-03T16:22:32+00:00\" \/>\n<meta property=\"og:image\" content=\"https:\/\/chamberlainsmarine.com\/wp-content\/uploads\/2024\/09\/Oil-Pressure-sending-unit-2.jpg\" \/>\n\t<meta property=\"og:image:width\" content=\"500\" \/>\n\t<meta property=\"og:image:height\" content=\"375\" \/>\n\t<meta property=\"og:image:type\" content=\"image\/jpeg\" \/>\n<meta name=\"twitter:card\" content=\"summary_large_image\" \/>\n<meta name=\"twitter:label1\" content=\"Est. tempo de leitura\" \/>\n\t<meta name=\"twitter:data1\" content=\"1 minuto\" \/>\n<script type=\"application\/ld+json\" class=\"yoast-schema-graph\">{\"@context\":\"https:\\\/\\\/schema.org\",\"@graph\":[{\"@type\":\"WebPage\",\"@id\":\"https:\\\/\\\/chamberlainsmarine.com\\\/product\\\/r020001-oil-pressure-sending-unit\\\/\",\"url\":\"https:\\\/\\\/chamberlainsmarine.com\\\/product\\\/r020001-oil-pressure-sending-unit\\\/\",\"name\":\"R020001 Oil Pressure Sending Unit - Chamberlain Marine\",\"isPartOf\":{\"@id\":\"https:\\\/\\\/chamberlainsmarine.com\\\/#website\"},\"primaryImageOfPage\":{\"@id\":\"https:\\\/\\\/chamberlainsmarine.com\\\/product\\\/r020001-oil-pressure-sending-unit\\\/#primaryimage\"},\"image\":{\"@id\":\"https:\\\/\\\/chamberlainsmarine.com\\\/product\\\/r020001-oil-pressure-sending-unit\\\/#primaryimage\"},\"thumbnailUrl\":\"https:\\\/\\\/chamberlainsmarine.com\\\/wp-content\\\/uploads\\\/2024\\\/09\\\/Oil-Pressure-sending-unit-2.jpg\",\"datePublished\":\"2024-09-04T17:14:37+00:00\",\"dateModified\":\"2026-02-03T16:22:32+00:00\",\"description\":\"Oil pressure sending unit\",\"breadcrumb\":{\"@id\":\"https:\\\/\\\/chamberlainsmarine.com\\\/product\\\/r020001-oil-pressure-sending-unit\\\/#breadcrumb\"},\"inLanguage\":\"pt-BR\",\"potentialAction\":[{\"@type\":\"ReadAction\",\"target\":[\"https:\\\/\\\/chamberlainsmarine.com\\\/product\\\/r020001-oil-pressure-sending-unit\\\/\"]}]},{\"@type\":\"ImageObject\",\"inLanguage\":\"pt-BR\",\"@id\":\"https:\\\/\\\/chamberlainsmarine.com\\\/product\\\/r020001-oil-pressure-sending-unit\\\/#primaryimage\",\"url\":\"https:\\\/\\\/chamberlainsmarine.com\\\/wp-content\\\/uploads\\\/2024\\\/09\\\/Oil-Pressure-sending-unit-2.jpg\",\"contentUrl\":\"https:\\\/\\\/chamberlainsmarine.com\\\/wp-content\\\/uploads\\\/2024\\\/09\\\/Oil-Pressure-sending-unit-2.jpg\",\"width\":500,\"height\":375},{\"@type\":\"BreadcrumbList\",\"@id\":\"https:\\\/\\\/chamberlainsmarine.com\\\/product\\\/r020001-oil-pressure-sending-unit\\\/#breadcrumb\",\"itemListElement\":[{\"@type\":\"ListItem\",\"position\":1,\"name\":\"Home\",\"item\":\"https:\\\/\\\/chamberlainsmarine.com\\\/\"},{\"@type\":\"ListItem\",\"position\":2,\"name\":\"Shop\",\"item\":\"https:\\\/\\\/chamberlainsmarine.com\\\/shop\\\/\"},{\"@type\":\"ListItem\",\"position\":3,\"name\":\"R020001 Oil Pressure Sending Unit\"}]},{\"@type\":\"WebSite\",\"@id\":\"https:\\\/\\\/chamberlainsmarine.com\\\/#website\",\"url\":\"https:\\\/\\\/chamberlainsmarine.com\\\/\",\"name\":\"Chamberlain's Marine Engines - Transmissions - Mufflers\",\"description\":\"Marine Engines, Mufflers, Transmissions, and more\",\"potentialAction\":[{\"@type\":\"SearchAction\",\"target\":{\"@type\":\"EntryPoint\",\"urlTemplate\":\"https:\\\/\\\/chamberlainsmarine.com\\\/?s={search_term_string}\"},\"query-input\":{\"@type\":\"PropertyValueSpecification\",\"valueRequired\":true,\"valueName\":\"search_term_string\"}}],\"inLanguage\":\"pt-BR\"}]}<\/script>\n<!-- \/ Yoast SEO plugin. -->","yoast_head_json":{"title":"R020001 Oil Pressure Sending Unit - Chamberlain Marine","description":"Unidade de envio da press\u00e3o do \u00f3leo","robots":{"index":"index","follow":"follow","max-snippet":"max-snippet:-1","max-image-preview":"max-image-preview:large","max-video-preview":"max-video-preview:-1"},"canonical":"https:\/\/chamberlainsmarine.com\/pt\/produto\/r020001-oil-pressure-sending-unit\/","og_locale":"pt_BR","og_type":"article","og_title":"R020001 Oil Pressure Sending Unit - Chamberlain Marine","og_description":"Oil pressure sending unit","og_url":"https:\/\/chamberlainsmarine.com\/pt\/produto\/r020001-oil-pressure-sending-unit\/","og_site_name":"Chamberlain Marine","article_modified_time":"2026-02-03T16:22:32+00:00","og_image":[{"width":500,"height":375,"url":"https:\/\/chamberlainsmarine.com\/wp-content\/uploads\/2024\/09\/Oil-Pressure-sending-unit-2.jpg","type":"image\/jpeg"}],"twitter_card":"summary_large_image","twitter_misc":{"Est. tempo de leitura":"1 minuto"},"schema":{"@context":"https:\/\/schema.org","@graph":[{"@type":"WebPage","@id":"https:\/\/chamberlainsmarine.com\/product\/r020001-oil-pressure-sending-unit\/","url":"https:\/\/chamberlainsmarine.com\/product\/r020001-oil-pressure-sending-unit\/","name":"R020001 Oil Pressure Sending Unit - Chamberlain Marine","isPartOf":{"@id":"https:\/\/chamberlainsmarine.com\/#website"},"primaryImageOfPage":{"@id":"https:\/\/chamberlainsmarine.com\/product\/r020001-oil-pressure-sending-unit\/#primaryimage"},"image":{"@id":"https:\/\/chamberlainsmarine.com\/product\/r020001-oil-pressure-sending-unit\/#primaryimage"},"thumbnailUrl":"https:\/\/chamberlainsmarine.com\/wp-content\/uploads\/2024\/09\/Oil-Pressure-sending-unit-2.jpg","datePublished":"2024-09-04T17:14:37+00:00","dateModified":"2026-02-03T16:22:32+00:00","description":"Unidade de envio da press\u00e3o do \u00f3leo","breadcrumb":{"@id":"https:\/\/chamberlainsmarine.com\/product\/r020001-oil-pressure-sending-unit\/#breadcrumb"},"inLanguage":"pt-BR","potentialAction":[{"@type":"ReadAction","target":["https:\/\/chamberlainsmarine.com\/product\/r020001-oil-pressure-sending-unit\/"]}]},{"@type":"ImageObject","inLanguage":"pt-BR","@id":"https:\/\/chamberlainsmarine.com\/product\/r020001-oil-pressure-sending-unit\/#primaryimage","url":"https:\/\/chamberlainsmarine.com\/wp-content\/uploads\/2024\/09\/Oil-Pressure-sending-unit-2.jpg","contentUrl":"https:\/\/chamberlainsmarine.com\/wp-content\/uploads\/2024\/09\/Oil-Pressure-sending-unit-2.jpg","width":500,"height":375},{"@type":"BreadcrumbList","@id":"https:\/\/chamberlainsmarine.com\/product\/r020001-oil-pressure-sending-unit\/#breadcrumb","itemListElement":[{"@type":"ListItem","position":1,"name":"Home","item":"https:\/\/chamberlainsmarine.com\/"},{"@type":"ListItem","position":2,"name":"Shop","item":"https:\/\/chamberlainsmarine.com\/shop\/"},{"@type":"ListItem","position":3,"name":"R020001 Oil Pressure Sending Unit"}]},{"@type":"WebSite","@id":"https:\/\/chamberlainsmarine.com\/#website","url":"https:\/\/chamberlainsmarine.com\/","name":"Chamberlain's Marine Engines - Transmissions - Mufflers (Motores mar\u00edtimos - Transmiss\u00f5es - Silenciadores)","description":"Motores mar\u00edtimos, silenciosos, transmiss\u00f5es e muito mais","potentialAction":[{"@type":"SearchAction","target":{"@type":"EntryPoint","urlTemplate":"https:\/\/chamberlainsmarine.com\/?s={search_term_string}"},"query-input":{"@type":"PropertyValueSpecification","valueRequired":true,"valueName":"search_term_string"}}],"inLanguage":"pt-BR"}]}},"_links":{"self":[{"href":"https:\/\/chamberlainsmarine.com\/pt\/wp-json\/wp\/v2\/product\/175","targetHints":{"allow":["GET"]}}],"collection":[{"href":"https:\/\/chamberlainsmarine.com\/pt\/wp-json\/wp\/v2\/product"}],"about":[{"href":"https:\/\/chamberlainsmarine.com\/pt\/wp-json\/wp\/v2\/types\/product"}],"replies":[{"embeddable":true,"href":"https:\/\/chamberlainsmarine.com\/pt\/wp-json\/wp\/v2\/comments?post=175"}],"wp:featuredmedia":[{"embeddable":true,"href":"https:\/\/chamberlainsmarine.com\/pt\/wp-json\/wp\/v2\/media\/176"}],"wp:attachment":[{"href":"https:\/\/chamberlainsmarine.com\/pt\/wp-json\/wp\/v2\/media?parent=175"}],"wp:term":[{"taxonomy":"product_brand","embeddable":true,"href":"https:\/\/chamberlainsmarine.com\/pt\/wp-json\/wp\/v2\/product_brand?post=175"},{"taxonomy":"product_cat","embeddable":true,"href":"https:\/\/chamberlainsmarine.com\/pt\/wp-json\/wp\/v2\/product_cat?post=175"},{"taxonomy":"product_tag","embeddable":true,"href":"https:\/\/chamberlainsmarine.com\/pt\/wp-json\/wp\/v2\/product_tag?post=175"}],"curies":[{"name":"wp","href":"https:\/\/api.w.org\/{rel}","templated":true}]}}