{"id":33,"date":"2024-01-29T22:04:54","date_gmt":"2024-01-29T22:04:54","guid":{"rendered":"https:\/\/chamberlainsmarine.com\/?page_id=33"},"modified":"2024-10-08T14:48:01","modified_gmt":"2024-10-08T14:48:01","slug":"products","status":"publish","type":"page","link":"https:\/\/chamberlainsmarine.com\/pt\/products\/","title":{"rendered":"Produtos"},"content":{"rendered":"<p>[et_pb_section fb_built=&#8221;1&#8243; _builder_version=&#8221;4.24.0&#8243; _module_preset=&#8221;default&#8221; global_colors_info=&#8221;{}&#8221;][et_pb_row _builder_version=&#8221;4.24.0&#8243; _module_preset=&#8221;default&#8221; global_colors_info=&#8221;{}&#8221;][et_pb_column type=&#8221;4_4&#8243; _builder_version=&#8221;4.24.0&#8243; _module_preset=&#8221;default&#8221; global_colors_info=&#8221;{}&#8221;][et_pb_text _builder_version=&#8221;4.24.0&#8243; _module_preset=&#8221;default&#8221; global_colors_info=&#8221;{}&#8221;]<\/p>\n<div class=\"et_pb_module et_pb_post_title et_pb_post_title_0 et_pb_bg_layout_light  et_pb_text_align_left\">\n<div class=\"et_pb_title_container\">\n<h1 class=\"entry-title\">Indmar Marine Parts<\/h1>\n<\/div>\n<\/div>\n<div class=\"et_pb_module et_pb_text et_pb_text_0  et_pb_text_align_left et_pb_bg_layout_light\">\n<div class=\"et_pb_text_inner\">\n<p><span>We have very competitive prices on manifolds and Indmar parts. We have available for shipment most Indmar Marine engine parts and manifolds for engines that are used by many leading ski boat manufacturers such as Mastercraft, Malibu, and Moomba. Our same day availability ranges from exhaust manifolds to mounts, water pumps, impellers, oil pans, fuel pumps, alternators, pulleys, belts, ECM units, and just about everything on an Indmar marine engine at competitive prices. \u00a0<a href=\"\/indmar-marine-parts\/\" title=\"Indmar Marine Parts\">View Indmar Marine Parts<\/a><\/span><\/p>\n<div class=\"et_pb_module et_pb_post_title et_pb_post_title_0 et_pb_bg_layout_light  et_pb_text_align_left\">\n<div class=\"et_pb_title_container\">\n<h1 class=\"entry-title\"><\/h1>\n<h1 class=\"entry-title\"><\/h1>\n<h1 class=\"entry-title\"><\/h1>\n<h1 class=\"entry-title\"><\/h1>\n<h1 class=\"entry-title\">Pleasurecraft\/PCM Marine Engine Parts<\/h1>\n<\/div>\n<\/div>\n<div class=\"et_pb_module et_pb_text et_pb_text_0  et_pb_text_align_left et_pb_bg_layout_light\">\n<div class=\"et_pb_text_inner\">\n<p><span>We have available for same day shipment most PCM parts plus a large inventory of PCM engines. Our same day availability ranges from manifolds to mounts, carburetors, water pumps,impellers, oil pans, ignition parts, transmissions and just about everything on a PCM engine at competitive pricing. <a href=\"\/pleasurecraft-pcm-marine-engine-parts\/\" title=\"Pleasurecraft\/PCM Marine Engine Parts\">View Pleasurecraft\/PCM Marine Engine Parts<\/a><\/span><\/p>\n<div class=\"et_pb_module et_pb_post_title et_pb_post_title_0 et_pb_bg_layout_light  et_pb_text_align_left\">\n<div class=\"et_pb_title_container\">\n<h1 class=\"entry-title\"><\/h1>\n<h1 class=\"entry-title\"><\/h1>\n<h1 class=\"entry-title\"><\/h1>\n<h1 class=\"entry-title\"><\/h1>\n<h1 class=\"entry-title\">Marine Mufflers \u2013 Boat Mufflers<\/h1>\n<\/div>\n<\/div>\n<div class=\"et_pb_module et_pb_text et_pb_text_0  et_pb_text_align_left et_pb_bg_layout_light\">\n<div class=\"et_pb_text_inner\">\n<p><span>We stock a complete line of marine mufflers for boat owners to boat manufacturers. We handle Centek Marine Mufflers. Vernalift and Vernatone quality boat mufflers. We have hundreds of marine mufflers for almost every marine application. If the Centek factory does not have your marine muffler in their program, most boat mufflers can be custom made. For over four decades Centek Industries has been quieting boats with round silencers made from fiberglass composites. Back pressure compensation and corrosion resistant properties make Centek marine muffler products the choice of more OEM\u2019s than any other brand. Centek mufflers carry a five year warranty. <a href=\"\/marine-mufflers\/\" title=\"Marine Mufflers - Boat Mufflers\">View Marine Mufflers &#8211; Boat Mufflers<\/a><\/span><\/p>\n<div class=\"et_pb_module et_pb_post_title et_pb_post_title_0 et_pb_bg_layout_light  et_pb_text_align_left\">\n<div class=\"et_pb_title_container\">\n<h1 class=\"entry-title\"><\/h1>\n<h1 class=\"entry-title\"><\/h1>\n<h1 class=\"entry-title\"><\/h1>\n<h1 class=\"entry-title\"><\/h1>\n<h1 class=\"entry-title\">Marine Transmissions<\/h1>\n<\/div>\n<\/div>\n<div class=\"et_pb_module et_pb_text et_pb_text_0  et_pb_text_align_left et_pb_bg_layout_light\">\n<div class=\"et_pb_text_inner\">\n<p><span>From time to time we are overstocked on specific parts and this page shows these parts that may be below even our normally low discounted sales price. They may include exhaust manifolds, risers or spacers, impellers, pumps, tune up parts, etc. <a href=\"\/marine-transmissions\/\" title=\"Marine Transmissions\">View Marine Transmissions<\/a><\/span><\/p>\n<\/div>\n<\/div>\n<\/div>\n<\/div>\n<\/div>\n<\/div>\n<\/div>\n<\/div>\n<p>[\/et_pb_text][\/et_pb_column][\/et_pb_row][\/et_pb_section]<\/p>\n","protected":false},"excerpt":{"rendered":"<p>Indmar Marine Parts We have very competitive prices on manifolds and Indmar parts. We have available for shipment most Indmar Marine engine parts and manifolds for engines that are used by many leading ski boat manufacturers such as Mastercraft, Malibu, and Moomba. Our same day availability ranges from exhaust manifolds to mounts, water pumps, impellers, [&hellip;]<\/p>\n","protected":false},"author":1,"featured_media":0,"parent":0,"menu_order":0,"comment_status":"closed","ping_status":"closed","template":"","meta":{"_et_pb_use_builder":"on","_et_pb_old_content":"","_et_gb_content_width":"","footnotes":""},"class_list":["post-33","page","type-page","status-publish","hentry"],"yoast_head":"<!-- This site is optimized with the Yoast SEO plugin v27.4 - https:\/\/yoast.com\/product\/yoast-seo-wordpress\/ -->\n<title>Products - Chamberlain Marine<\/title>\n<meta name=\"robots\" content=\"index, follow, max-snippet:-1, max-image-preview:large, max-video-preview:-1\" \/>\n<link rel=\"canonical\" href=\"https:\/\/chamberlainsmarine.com\/pt\/products\/\" \/>\n<meta property=\"og:locale\" content=\"pt_BR\" \/>\n<meta property=\"og:type\" content=\"article\" \/>\n<meta property=\"og:title\" content=\"Products - Chamberlain Marine\" \/>\n<meta property=\"og:description\" content=\"Indmar Marine Parts We have very competitive prices on manifolds and Indmar parts. We have available for shipment most Indmar Marine engine parts and manifolds for engines that are used by many leading ski boat manufacturers such as Mastercraft, Malibu, and Moomba. Our same day availability ranges from exhaust manifolds to mounts, water pumps, impellers, [&hellip;]\" \/>\n<meta property=\"og:url\" content=\"https:\/\/chamberlainsmarine.com\/pt\/products\/\" \/>\n<meta property=\"og:site_name\" content=\"Chamberlain Marine\" \/>\n<meta property=\"article:modified_time\" content=\"2024-10-08T14:48:01+00:00\" \/>\n<meta name=\"twitter:card\" content=\"summary_large_image\" \/>\n<script type=\"application\/ld+json\" class=\"yoast-schema-graph\">{\"@context\":\"https:\\\/\\\/schema.org\",\"@graph\":[{\"@type\":\"WebPage\",\"@id\":\"https:\\\/\\\/chamberlainsmarine.com\\\/products\\\/\",\"url\":\"https:\\\/\\\/chamberlainsmarine.com\\\/products\\\/\",\"name\":\"Products - Chamberlain Marine\",\"isPartOf\":{\"@id\":\"https:\\\/\\\/chamberlainsmarine.com\\\/#website\"},\"datePublished\":\"2024-01-29T22:04:54+00:00\",\"dateModified\":\"2024-10-08T14:48:01+00:00\",\"breadcrumb\":{\"@id\":\"https:\\\/\\\/chamberlainsmarine.com\\\/products\\\/#breadcrumb\"},\"inLanguage\":\"pt-BR\",\"potentialAction\":[{\"@type\":\"ReadAction\",\"target\":[\"https:\\\/\\\/chamberlainsmarine.com\\\/products\\\/\"]}]},{\"@type\":\"BreadcrumbList\",\"@id\":\"https:\\\/\\\/chamberlainsmarine.com\\\/products\\\/#breadcrumb\",\"itemListElement\":[{\"@type\":\"ListItem\",\"position\":1,\"name\":\"Home\",\"item\":\"https:\\\/\\\/chamberlainsmarine.com\\\/\"},{\"@type\":\"ListItem\",\"position\":2,\"name\":\"Products\"}]},{\"@type\":\"WebSite\",\"@id\":\"https:\\\/\\\/chamberlainsmarine.com\\\/#website\",\"url\":\"https:\\\/\\\/chamberlainsmarine.com\\\/\",\"name\":\"Chamberlain's Marine Engines - Transmissions - Mufflers\",\"description\":\"Marine Engines, Mufflers, Transmissions, and more\",\"potentialAction\":[{\"@type\":\"SearchAction\",\"target\":{\"@type\":\"EntryPoint\",\"urlTemplate\":\"https:\\\/\\\/chamberlainsmarine.com\\\/?s={search_term_string}\"},\"query-input\":{\"@type\":\"PropertyValueSpecification\",\"valueRequired\":true,\"valueName\":\"search_term_string\"}}],\"inLanguage\":\"pt-BR\"}]}<\/script>\n<!-- \/ Yoast SEO plugin. -->","yoast_head_json":{"title":"Produtos - Chamberlain Marine","robots":{"index":"index","follow":"follow","max-snippet":"max-snippet:-1","max-image-preview":"max-image-preview:large","max-video-preview":"max-video-preview:-1"},"canonical":"https:\/\/chamberlainsmarine.com\/pt\/products\/","og_locale":"pt_BR","og_type":"article","og_title":"Products - Chamberlain Marine","og_description":"Indmar Marine Parts We have very competitive prices on manifolds and Indmar parts. We have available for shipment most Indmar Marine engine parts and manifolds for engines that are used by many leading ski boat manufacturers such as Mastercraft, Malibu, and Moomba. Our same day availability ranges from exhaust manifolds to mounts, water pumps, impellers, [&hellip;]","og_url":"https:\/\/chamberlainsmarine.com\/pt\/products\/","og_site_name":"Chamberlain Marine","article_modified_time":"2024-10-08T14:48:01+00:00","twitter_card":"summary_large_image","schema":{"@context":"https:\/\/schema.org","@graph":[{"@type":"WebPage","@id":"https:\/\/chamberlainsmarine.com\/products\/","url":"https:\/\/chamberlainsmarine.com\/products\/","name":"Produtos - Chamberlain Marine","isPartOf":{"@id":"https:\/\/chamberlainsmarine.com\/#website"},"datePublished":"2024-01-29T22:04:54+00:00","dateModified":"2024-10-08T14:48:01+00:00","breadcrumb":{"@id":"https:\/\/chamberlainsmarine.com\/products\/#breadcrumb"},"inLanguage":"pt-BR","potentialAction":[{"@type":"ReadAction","target":["https:\/\/chamberlainsmarine.com\/products\/"]}]},{"@type":"BreadcrumbList","@id":"https:\/\/chamberlainsmarine.com\/products\/#breadcrumb","itemListElement":[{"@type":"ListItem","position":1,"name":"Home","item":"https:\/\/chamberlainsmarine.com\/"},{"@type":"ListItem","position":2,"name":"Products"}]},{"@type":"WebSite","@id":"https:\/\/chamberlainsmarine.com\/#website","url":"https:\/\/chamberlainsmarine.com\/","name":"Chamberlain's Marine Engines - Transmissions - Mufflers (Motores mar\u00edtimos - Transmiss\u00f5es - Silenciadores)","description":"Motores mar\u00edtimos, silenciosos, transmiss\u00f5es e muito mais","potentialAction":[{"@type":"SearchAction","target":{"@type":"EntryPoint","urlTemplate":"https:\/\/chamberlainsmarine.com\/?s={search_term_string}"},"query-input":{"@type":"PropertyValueSpecification","valueRequired":true,"valueName":"search_term_string"}}],"inLanguage":"pt-BR"}]}},"_links":{"self":[{"href":"https:\/\/chamberlainsmarine.com\/pt\/wp-json\/wp\/v2\/pages\/33","targetHints":{"allow":["GET"]}}],"collection":[{"href":"https:\/\/chamberlainsmarine.com\/pt\/wp-json\/wp\/v2\/pages"}],"about":[{"href":"https:\/\/chamberlainsmarine.com\/pt\/wp-json\/wp\/v2\/types\/page"}],"author":[{"embeddable":true,"href":"https:\/\/chamberlainsmarine.com\/pt\/wp-json\/wp\/v2\/users\/1"}],"replies":[{"embeddable":true,"href":"https:\/\/chamberlainsmarine.com\/pt\/wp-json\/wp\/v2\/comments?post=33"}],"version-history":[{"count":0,"href":"https:\/\/chamberlainsmarine.com\/pt\/wp-json\/wp\/v2\/pages\/33\/revisions"}],"wp:attachment":[{"href":"https:\/\/chamberlainsmarine.com\/pt\/wp-json\/wp\/v2\/media?parent=33"}],"curies":[{"name":"wp","href":"https:\/\/api.w.org\/{rel}","templated":true}]}}