{"id":242,"date":"2024-10-03T18:42:56","date_gmt":"2024-10-03T18:42:56","guid":{"rendered":"https:\/\/chamberlainsmarine.com\/?page_id=242"},"modified":"2026-02-04T15:57:04","modified_gmt":"2026-02-04T15:57:04","slug":"marine-transmissions","status":"publish","type":"page","link":"https:\/\/chamberlainsmarine.com\/pt\/marine-transmissions\/","title":{"rendered":"Transmiss\u00f5es mar\u00edtimas"},"content":{"rendered":"<p>[et_pb_section fb_built=&#8221;1&#8243; _builder_version=&#8221;4.24.0&#8243; _module_preset=&#8221;default&#8221; global_colors_info=&#8221;{}&#8221;][et_pb_row _builder_version=&#8221;4.24.0&#8243; _module_preset=&#8221;default&#8221; global_colors_info=&#8221;{}&#8221;][et_pb_column type=&#8221;4_4&#8243; _builder_version=&#8221;4.24.0&#8243; _module_preset=&#8221;default&#8221; global_colors_info=&#8221;{}&#8221;][et_pb_post_title meta=&#8221;off&#8221; featured_image=&#8221;off&#8221; _builder_version=&#8221;4.24.0&#8243; _module_preset=&#8221;default&#8221; global_colors_info=&#8221;{}&#8221;][\/et_pb_post_title][et_pb_text _builder_version=&#8221;4.24.0&#8243; _module_preset=&#8221;default&#8221; global_colors_info=&#8221;{}&#8221;]<\/p>\n<p><span>We carry a variety of marine transmissions which includes Borg Warner, PCM Pleasurecraft, Indmar, ZF, and Hurth marine transmissions. We ship worldwide and will try to match anyone&#8217;s price on the same product. Open Monday through Friday from 9am &#8211; 5pm Eastern Time. Please call 407-622-4838 or <a href=\"\/customer-service\">Contact Us<\/a> if it is after hours. Please call about any parts or marine transmissions you are looking for that are not on this website. We supply most parts for Pleasurecraft, Indmar, Centek Mufflers, and marine transmissions. *Shipping is added to all parts pricing. Call for shipping price. <strong>PLEASE CALL FOR SPECIAL PRICING <\/strong><br \/><\/span><\/p>\n<p>[\/et_pb_text][et_pb_shop type=&#8221;product_category&#8221; show_pagination=&#8221;on&#8221; include_categories=&#8221;23&#8243; _builder_version=&#8221;4.24.0&#8243; _module_preset=&#8221;default&#8221; global_colors_info=&#8221;{}&#8221;][\/et_pb_shop][\/et_pb_column][\/et_pb_row][\/et_pb_section]<\/p>\n","protected":false},"excerpt":{"rendered":"<p>We carry a variety of marine transmissions which includes Borg Warner, PCM Pleasurecraft, Indmar, ZF, and Hurth marine transmissions. We ship worldwide and will try to match anyone&#8217;s price on the same product. Open Monday through Friday from 9am &#8211; 5pm Eastern Time. Please call 407-622-4838 or Contact Us if it is after hours. Please [&hellip;]<\/p>\n","protected":false},"author":2,"featured_media":0,"parent":0,"menu_order":0,"comment_status":"closed","ping_status":"closed","template":"","meta":{"_et_pb_use_builder":"on","_et_pb_old_content":"","_et_gb_content_width":"","footnotes":""},"class_list":["post-242","page","type-page","status-publish","hentry"],"yoast_head":"<!-- This site is optimized with the Yoast SEO plugin v27.4 - https:\/\/yoast.com\/product\/yoast-seo-wordpress\/ -->\n<title>Marine Transmissions - Chamberlain Marine<\/title>\n<meta name=\"robots\" content=\"index, follow, max-snippet:-1, max-image-preview:large, max-video-preview:-1\" \/>\n<link rel=\"canonical\" href=\"https:\/\/chamberlainsmarine.com\/pt\/marine-transmissions\/\" \/>\n<meta property=\"og:locale\" content=\"pt_BR\" \/>\n<meta property=\"og:type\" content=\"article\" \/>\n<meta property=\"og:title\" content=\"Marine Transmissions - Chamberlain Marine\" \/>\n<meta property=\"og:description\" content=\"We carry a variety of marine transmissions which includes Borg Warner, PCM Pleasurecraft, Indmar, ZF, and Hurth marine transmissions. We ship worldwide and will try to match anyone&#039;s price on the same product. Open Monday through Friday from 9am - 5pm Eastern Time. Please call 407-622-4838 or Contact Us if it is after hours. Please [&hellip;]\" \/>\n<meta property=\"og:url\" content=\"https:\/\/chamberlainsmarine.com\/pt\/marine-transmissions\/\" \/>\n<meta property=\"og:site_name\" content=\"Chamberlain Marine\" \/>\n<meta property=\"article:modified_time\" content=\"2026-02-04T15:57:04+00:00\" \/>\n<meta name=\"twitter:card\" content=\"summary_large_image\" \/>\n<script type=\"application\/ld+json\" class=\"yoast-schema-graph\">{\"@context\":\"https:\\\/\\\/schema.org\",\"@graph\":[{\"@type\":\"WebPage\",\"@id\":\"https:\\\/\\\/chamberlainsmarine.com\\\/marine-transmissions\\\/\",\"url\":\"https:\\\/\\\/chamberlainsmarine.com\\\/marine-transmissions\\\/\",\"name\":\"Marine Transmissions - Chamberlain Marine\",\"isPartOf\":{\"@id\":\"https:\\\/\\\/chamberlainsmarine.com\\\/#website\"},\"datePublished\":\"2024-10-03T18:42:56+00:00\",\"dateModified\":\"2026-02-04T15:57:04+00:00\",\"breadcrumb\":{\"@id\":\"https:\\\/\\\/chamberlainsmarine.com\\\/marine-transmissions\\\/#breadcrumb\"},\"inLanguage\":\"pt-BR\",\"potentialAction\":[{\"@type\":\"ReadAction\",\"target\":[\"https:\\\/\\\/chamberlainsmarine.com\\\/marine-transmissions\\\/\"]}]},{\"@type\":\"BreadcrumbList\",\"@id\":\"https:\\\/\\\/chamberlainsmarine.com\\\/marine-transmissions\\\/#breadcrumb\",\"itemListElement\":[{\"@type\":\"ListItem\",\"position\":1,\"name\":\"Home\",\"item\":\"https:\\\/\\\/chamberlainsmarine.com\\\/\"},{\"@type\":\"ListItem\",\"position\":2,\"name\":\"Marine Transmissions\"}]},{\"@type\":\"WebSite\",\"@id\":\"https:\\\/\\\/chamberlainsmarine.com\\\/#website\",\"url\":\"https:\\\/\\\/chamberlainsmarine.com\\\/\",\"name\":\"Chamberlain's Marine Engines - Transmissions - Mufflers\",\"description\":\"Marine Engines, Mufflers, Transmissions, and more\",\"potentialAction\":[{\"@type\":\"SearchAction\",\"target\":{\"@type\":\"EntryPoint\",\"urlTemplate\":\"https:\\\/\\\/chamberlainsmarine.com\\\/?s={search_term_string}\"},\"query-input\":{\"@type\":\"PropertyValueSpecification\",\"valueRequired\":true,\"valueName\":\"search_term_string\"}}],\"inLanguage\":\"pt-BR\"}]}<\/script>\n<!-- \/ Yoast SEO plugin. -->","yoast_head_json":{"title":"Transmiss\u00f5es mar\u00edtimas - Chamberlain Marine","robots":{"index":"index","follow":"follow","max-snippet":"max-snippet:-1","max-image-preview":"max-image-preview:large","max-video-preview":"max-video-preview:-1"},"canonical":"https:\/\/chamberlainsmarine.com\/pt\/marine-transmissions\/","og_locale":"pt_BR","og_type":"article","og_title":"Marine Transmissions - Chamberlain Marine","og_description":"We carry a variety of marine transmissions which includes Borg Warner, PCM Pleasurecraft, Indmar, ZF, and Hurth marine transmissions. We ship worldwide and will try to match anyone's price on the same product. Open Monday through Friday from 9am - 5pm Eastern Time. Please call 407-622-4838 or Contact Us if it is after hours. Please [&hellip;]","og_url":"https:\/\/chamberlainsmarine.com\/pt\/marine-transmissions\/","og_site_name":"Chamberlain Marine","article_modified_time":"2026-02-04T15:57:04+00:00","twitter_card":"summary_large_image","schema":{"@context":"https:\/\/schema.org","@graph":[{"@type":"WebPage","@id":"https:\/\/chamberlainsmarine.com\/marine-transmissions\/","url":"https:\/\/chamberlainsmarine.com\/marine-transmissions\/","name":"Transmiss\u00f5es mar\u00edtimas - Chamberlain Marine","isPartOf":{"@id":"https:\/\/chamberlainsmarine.com\/#website"},"datePublished":"2024-10-03T18:42:56+00:00","dateModified":"2026-02-04T15:57:04+00:00","breadcrumb":{"@id":"https:\/\/chamberlainsmarine.com\/marine-transmissions\/#breadcrumb"},"inLanguage":"pt-BR","potentialAction":[{"@type":"ReadAction","target":["https:\/\/chamberlainsmarine.com\/marine-transmissions\/"]}]},{"@type":"BreadcrumbList","@id":"https:\/\/chamberlainsmarine.com\/marine-transmissions\/#breadcrumb","itemListElement":[{"@type":"ListItem","position":1,"name":"Home","item":"https:\/\/chamberlainsmarine.com\/"},{"@type":"ListItem","position":2,"name":"Marine Transmissions"}]},{"@type":"WebSite","@id":"https:\/\/chamberlainsmarine.com\/#website","url":"https:\/\/chamberlainsmarine.com\/","name":"Chamberlain's Marine Engines - Transmissions - Mufflers (Motores mar\u00edtimos - Transmiss\u00f5es - Silenciadores)","description":"Motores mar\u00edtimos, silenciosos, transmiss\u00f5es e muito mais","potentialAction":[{"@type":"SearchAction","target":{"@type":"EntryPoint","urlTemplate":"https:\/\/chamberlainsmarine.com\/?s={search_term_string}"},"query-input":{"@type":"PropertyValueSpecification","valueRequired":true,"valueName":"search_term_string"}}],"inLanguage":"pt-BR"}]}},"_links":{"self":[{"href":"https:\/\/chamberlainsmarine.com\/pt\/wp-json\/wp\/v2\/pages\/242","targetHints":{"allow":["GET"]}}],"collection":[{"href":"https:\/\/chamberlainsmarine.com\/pt\/wp-json\/wp\/v2\/pages"}],"about":[{"href":"https:\/\/chamberlainsmarine.com\/pt\/wp-json\/wp\/v2\/types\/page"}],"author":[{"embeddable":true,"href":"https:\/\/chamberlainsmarine.com\/pt\/wp-json\/wp\/v2\/users\/2"}],"replies":[{"embeddable":true,"href":"https:\/\/chamberlainsmarine.com\/pt\/wp-json\/wp\/v2\/comments?post=242"}],"version-history":[{"count":0,"href":"https:\/\/chamberlainsmarine.com\/pt\/wp-json\/wp\/v2\/pages\/242\/revisions"}],"wp:attachment":[{"href":"https:\/\/chamberlainsmarine.com\/pt\/wp-json\/wp\/v2\/media?parent=242"}],"curies":[{"name":"wp","href":"https:\/\/api.w.org\/{rel}","templated":true}]}}