{"id":238,"date":"2024-10-03T18:21:48","date_gmt":"2024-10-03T18:21:48","guid":{"rendered":"https:\/\/chamberlainsmarine.com\/?page_id=238"},"modified":"2025-09-24T15:47:03","modified_gmt":"2025-09-24T15:47:03","slug":"indmar-marine-parts","status":"publish","type":"page","link":"https:\/\/chamberlainsmarine.com\/pt\/indmar-marine-parts\/","title":{"rendered":"Pe\u00e7as mar\u00edtimas Indmar"},"content":{"rendered":"<p>[et_pb_section fb_built=&#8221;1&#8243; _builder_version=&#8221;4.24.0&#8243; _module_preset=&#8221;default&#8221; global_colors_info=&#8221;{}&#8221;][et_pb_row _builder_version=&#8221;4.24.0&#8243; _module_preset=&#8221;default&#8221; global_colors_info=&#8221;{}&#8221;][et_pb_column type=&#8221;4_4&#8243; _builder_version=&#8221;4.24.0&#8243; _module_preset=&#8221;default&#8221; global_colors_info=&#8221;{}&#8221;][et_pb_post_title meta=&#8221;off&#8221; featured_image=&#8221;off&#8221; _builder_version=&#8221;4.24.0&#8243; _module_preset=&#8221;default&#8221; global_colors_info=&#8221;{}&#8221;][\/et_pb_post_title][et_pb_text _builder_version=&#8221;4.24.0&#8243; _module_preset=&#8221;default&#8221; global_colors_info=&#8221;{}&#8221;]<\/p>\n<p><span>We have very competitive prices on manifolds and Indmar parts. We have available for shipment most Indmar Marine engine parts and manifolds for engines that are used by many leading ski boat manufacturers such as Mastercraft, Malibu, and Moomba. Our same day availability ranges from exhaust manifolds to mounts, water pumps, impellers, oil pans, fuel pumps, alternators, pulleys, belts, ECM units, and just about everything on an Indmar marine engine at competitive prices. The listings below are samples of Indmar parts that available. More manifolds and other parts are constantly being added. If you do not see what you need for your Indmar marine engine please contact us. We ship worldwide and will try to match anyone&#8217;s price on the same product. Open Monday through Friday from 9am &#8211; 5pm Eastern Time. Please call 407-622-4838 or <a href=\"\/customer-service\">Contact Us<\/a> if it is after hours. Please call about any parts you are looking for that are not on this website. We supply most parts for Pleasurecraft, Indmar, Centek Mufflers, and marine transmissions. *Shipping is added to all parts pricing. Call for shipping price. <br \/><\/span><\/p>\n<p>[\/et_pb_text][et_pb_shop type=&#8221;product_category&#8221; show_pagination=&#8221;on&#8221; include_categories=&#8221;21&#8243; _builder_version=&#8221;4.24.0&#8243; _module_preset=&#8221;default&#8221; global_colors_info=&#8221;{}&#8221;][\/et_pb_shop][\/et_pb_column][\/et_pb_row][\/et_pb_section]<\/p>\n","protected":false},"excerpt":{"rendered":"<p>We have very competitive prices on manifolds and Indmar parts. We have available for shipment most Indmar Marine engine parts and manifolds for engines that are used by many leading ski boat manufacturers such as Mastercraft, Malibu, and Moomba. Our same day availability ranges from exhaust manifolds to mounts, water pumps, impellers, oil pans, fuel [&hellip;]<\/p>\n","protected":false},"author":2,"featured_media":0,"parent":0,"menu_order":0,"comment_status":"closed","ping_status":"closed","template":"","meta":{"_et_pb_use_builder":"on","_et_pb_old_content":"","_et_gb_content_width":"","footnotes":""},"class_list":["post-238","page","type-page","status-publish","hentry"],"yoast_head":"<!-- This site is optimized with the Yoast SEO plugin v27.4 - https:\/\/yoast.com\/product\/yoast-seo-wordpress\/ -->\n<title>Indmar Marine Parts - Chamberlain Marine<\/title>\n<meta name=\"robots\" content=\"index, follow, max-snippet:-1, max-image-preview:large, max-video-preview:-1\" \/>\n<link rel=\"canonical\" href=\"https:\/\/chamberlainsmarine.com\/pt\/indmar-marine-parts\/\" \/>\n<meta property=\"og:locale\" content=\"pt_BR\" \/>\n<meta property=\"og:type\" content=\"article\" \/>\n<meta property=\"og:title\" content=\"Indmar Marine Parts - Chamberlain Marine\" \/>\n<meta property=\"og:description\" content=\"We have very competitive prices on manifolds and Indmar parts. We have available for shipment most Indmar Marine engine parts and manifolds for engines that are used by many leading ski boat manufacturers such as Mastercraft, Malibu, and Moomba. Our same day availability ranges from exhaust manifolds to mounts, water pumps, impellers, oil pans, fuel [&hellip;]\" \/>\n<meta property=\"og:url\" content=\"https:\/\/chamberlainsmarine.com\/pt\/indmar-marine-parts\/\" \/>\n<meta property=\"og:site_name\" content=\"Chamberlain Marine\" \/>\n<meta property=\"article:modified_time\" content=\"2025-09-24T15:47:03+00:00\" \/>\n<meta name=\"twitter:card\" content=\"summary_large_image\" \/>\n<script type=\"application\/ld+json\" class=\"yoast-schema-graph\">{\"@context\":\"https:\\\/\\\/schema.org\",\"@graph\":[{\"@type\":\"WebPage\",\"@id\":\"https:\\\/\\\/chamberlainsmarine.com\\\/indmar-marine-parts\\\/\",\"url\":\"https:\\\/\\\/chamberlainsmarine.com\\\/indmar-marine-parts\\\/\",\"name\":\"Indmar Marine Parts - Chamberlain Marine\",\"isPartOf\":{\"@id\":\"https:\\\/\\\/chamberlainsmarine.com\\\/#website\"},\"datePublished\":\"2024-10-03T18:21:48+00:00\",\"dateModified\":\"2025-09-24T15:47:03+00:00\",\"breadcrumb\":{\"@id\":\"https:\\\/\\\/chamberlainsmarine.com\\\/indmar-marine-parts\\\/#breadcrumb\"},\"inLanguage\":\"pt-BR\",\"potentialAction\":[{\"@type\":\"ReadAction\",\"target\":[\"https:\\\/\\\/chamberlainsmarine.com\\\/indmar-marine-parts\\\/\"]}]},{\"@type\":\"BreadcrumbList\",\"@id\":\"https:\\\/\\\/chamberlainsmarine.com\\\/indmar-marine-parts\\\/#breadcrumb\",\"itemListElement\":[{\"@type\":\"ListItem\",\"position\":1,\"name\":\"Home\",\"item\":\"https:\\\/\\\/chamberlainsmarine.com\\\/\"},{\"@type\":\"ListItem\",\"position\":2,\"name\":\"Indmar Marine Parts\"}]},{\"@type\":\"WebSite\",\"@id\":\"https:\\\/\\\/chamberlainsmarine.com\\\/#website\",\"url\":\"https:\\\/\\\/chamberlainsmarine.com\\\/\",\"name\":\"Chamberlain's Marine Engines - Transmissions - Mufflers\",\"description\":\"Marine Engines, Mufflers, Transmissions, and more\",\"potentialAction\":[{\"@type\":\"SearchAction\",\"target\":{\"@type\":\"EntryPoint\",\"urlTemplate\":\"https:\\\/\\\/chamberlainsmarine.com\\\/?s={search_term_string}\"},\"query-input\":{\"@type\":\"PropertyValueSpecification\",\"valueRequired\":true,\"valueName\":\"search_term_string\"}}],\"inLanguage\":\"pt-BR\"}]}<\/script>\n<!-- \/ Yoast SEO plugin. -->","yoast_head_json":{"title":"Pe\u00e7as mar\u00edtimas Indmar - Chamberlain Marine","robots":{"index":"index","follow":"follow","max-snippet":"max-snippet:-1","max-image-preview":"max-image-preview:large","max-video-preview":"max-video-preview:-1"},"canonical":"https:\/\/chamberlainsmarine.com\/pt\/indmar-marine-parts\/","og_locale":"pt_BR","og_type":"article","og_title":"Indmar Marine Parts - Chamberlain Marine","og_description":"We have very competitive prices on manifolds and Indmar parts. We have available for shipment most Indmar Marine engine parts and manifolds for engines that are used by many leading ski boat manufacturers such as Mastercraft, Malibu, and Moomba. Our same day availability ranges from exhaust manifolds to mounts, water pumps, impellers, oil pans, fuel [&hellip;]","og_url":"https:\/\/chamberlainsmarine.com\/pt\/indmar-marine-parts\/","og_site_name":"Chamberlain Marine","article_modified_time":"2025-09-24T15:47:03+00:00","twitter_card":"summary_large_image","schema":{"@context":"https:\/\/schema.org","@graph":[{"@type":"WebPage","@id":"https:\/\/chamberlainsmarine.com\/indmar-marine-parts\/","url":"https:\/\/chamberlainsmarine.com\/indmar-marine-parts\/","name":"Pe\u00e7as mar\u00edtimas Indmar - Chamberlain Marine","isPartOf":{"@id":"https:\/\/chamberlainsmarine.com\/#website"},"datePublished":"2024-10-03T18:21:48+00:00","dateModified":"2025-09-24T15:47:03+00:00","breadcrumb":{"@id":"https:\/\/chamberlainsmarine.com\/indmar-marine-parts\/#breadcrumb"},"inLanguage":"pt-BR","potentialAction":[{"@type":"ReadAction","target":["https:\/\/chamberlainsmarine.com\/indmar-marine-parts\/"]}]},{"@type":"BreadcrumbList","@id":"https:\/\/chamberlainsmarine.com\/indmar-marine-parts\/#breadcrumb","itemListElement":[{"@type":"ListItem","position":1,"name":"Home","item":"https:\/\/chamberlainsmarine.com\/"},{"@type":"ListItem","position":2,"name":"Indmar Marine Parts"}]},{"@type":"WebSite","@id":"https:\/\/chamberlainsmarine.com\/#website","url":"https:\/\/chamberlainsmarine.com\/","name":"Chamberlain's Marine Engines - Transmissions - Mufflers (Motores mar\u00edtimos - Transmiss\u00f5es - Silenciadores)","description":"Motores mar\u00edtimos, silenciosos, transmiss\u00f5es e muito mais","potentialAction":[{"@type":"SearchAction","target":{"@type":"EntryPoint","urlTemplate":"https:\/\/chamberlainsmarine.com\/?s={search_term_string}"},"query-input":{"@type":"PropertyValueSpecification","valueRequired":true,"valueName":"search_term_string"}}],"inLanguage":"pt-BR"}]}},"_links":{"self":[{"href":"https:\/\/chamberlainsmarine.com\/pt\/wp-json\/wp\/v2\/pages\/238","targetHints":{"allow":["GET"]}}],"collection":[{"href":"https:\/\/chamberlainsmarine.com\/pt\/wp-json\/wp\/v2\/pages"}],"about":[{"href":"https:\/\/chamberlainsmarine.com\/pt\/wp-json\/wp\/v2\/types\/page"}],"author":[{"embeddable":true,"href":"https:\/\/chamberlainsmarine.com\/pt\/wp-json\/wp\/v2\/users\/2"}],"replies":[{"embeddable":true,"href":"https:\/\/chamberlainsmarine.com\/pt\/wp-json\/wp\/v2\/comments?post=238"}],"version-history":[{"count":0,"href":"https:\/\/chamberlainsmarine.com\/pt\/wp-json\/wp\/v2\/pages\/238\/revisions"}],"wp:attachment":[{"href":"https:\/\/chamberlainsmarine.com\/pt\/wp-json\/wp\/v2\/media?parent=238"}],"curies":[{"name":"wp","href":"https:\/\/api.w.org\/{rel}","templated":true}]}}