{"id":231,"date":"2024-09-19T15:35:36","date_gmt":"2024-09-19T15:35:36","guid":{"rendered":"https:\/\/chamberlainsmarine.com\/?post_type=product&#038;p=231"},"modified":"2024-09-19T15:35:36","modified_gmt":"2024-09-19T15:35:36","slug":"1603275-silent-rider-muffler","status":"publish","type":"product","link":"https:\/\/chamberlainsmarine.com\/es\/producto\/1603275-silent-rider-muffler\/","title":{"rendered":"1603275 Silenciador Silent Rider"},"content":{"rendered":"<p>Silenciador para barcos de esqu\u00ed que se encuentra en la parte trasera del motor. Las entradas y las salidas se extienden a partir de 3 pulgadas a 4 pulgadas (cuelga a trav\u00e9s del motor de la izquierda a la derecha) substituye los silenciadores marinos del jinete silencioso. Desde $887.00 m\u00e1s gastos de env\u00edo DEBE LLAMAR CON LA APLICACI\u00d3N Y DIMENSIONES<\/p>","protected":false},"excerpt":{"rendered":"<p>Silenciador para barcos de esqu\u00ed que se encuentra en la parte trasera del motor. Las entradas y las salidas se extienden a partir de 3 pulgadas a 4 pulgadas (cuelga a trav\u00e9s del motor de la izquierda a la derecha) substituye los silenciadores marinos del jinete silencioso. Desde $887.00 m\u00e1s gastos de env\u00edo DEBE LLAMAR CON LA APLICACI\u00d3N Y DIMENSIONES<\/p>","protected":false},"featured_media":232,"comment_status":"open","ping_status":"closed","template":"","meta":{"_et_pb_use_builder":"","_et_pb_old_content":"","_et_gb_content_width":""},"product_brand":[],"product_cat":[24],"product_tag":[],"class_list":{"0":"post-231","1":"product","2":"type-product","3":"status-publish","4":"has-post-thumbnail","6":"product_cat-marine-mufflers","8":"first","9":"instock","10":"shipping-taxable","11":"purchasable","12":"product-type-simple"},"yoast_head":"<!-- This site is optimized with the Yoast SEO plugin v27.4 - https:\/\/yoast.com\/product\/yoast-seo-wordpress\/ -->\n<title>1603275 Silent Rider Muffler - Chamberlain Marine<\/title>\n<meta name=\"description\" content=\"Shop Chamberlain Marine for a Ski Boat Muffler that is located on the rear of the engine. Inlets and outlets range from 3 inches to 4 inches\" \/>\n<meta name=\"robots\" content=\"index, follow, max-snippet:-1, max-image-preview:large, max-video-preview:-1\" \/>\n<link rel=\"canonical\" href=\"https:\/\/chamberlainsmarine.com\/es\/producto\/1603275-silent-rider-muffler\/\" \/>\n<meta property=\"og:locale\" content=\"es_MX\" \/>\n<meta property=\"og:type\" content=\"article\" \/>\n<meta property=\"og:title\" content=\"1603275 Silent Rider Muffler - Chamberlain Marine\" \/>\n<meta property=\"og:description\" content=\"Shop Chamberlain Marine for a Ski Boat Muffler that is located on the rear of the engine. Inlets and outlets range from 3 inches to 4 inches\" \/>\n<meta property=\"og:url\" content=\"https:\/\/chamberlainsmarine.com\/es\/producto\/1603275-silent-rider-muffler\/\" \/>\n<meta property=\"og:site_name\" content=\"Chamberlain Marine\" \/>\n<meta property=\"og:image\" content=\"https:\/\/chamberlainsmarine.com\/wp-content\/uploads\/2024\/09\/Muffler-5.jpg\" \/>\n\t<meta property=\"og:image:width\" content=\"500\" \/>\n\t<meta property=\"og:image:height\" content=\"500\" \/>\n\t<meta property=\"og:image:type\" content=\"image\/jpeg\" \/>\n<meta name=\"twitter:card\" content=\"summary_large_image\" \/>\n<meta name=\"twitter:label1\" content=\"Tiempo de lectura\" \/>\n\t<meta name=\"twitter:data1\" content=\"1 minuto\" \/>\n<script type=\"application\/ld+json\" class=\"yoast-schema-graph\">{\"@context\":\"https:\\\/\\\/schema.org\",\"@graph\":[{\"@type\":\"WebPage\",\"@id\":\"https:\\\/\\\/chamberlainsmarine.com\\\/product\\\/1603275-silent-rider-muffler\\\/\",\"url\":\"https:\\\/\\\/chamberlainsmarine.com\\\/product\\\/1603275-silent-rider-muffler\\\/\",\"name\":\"1603275 Silent Rider Muffler - Chamberlain Marine\",\"isPartOf\":{\"@id\":\"https:\\\/\\\/chamberlainsmarine.com\\\/#website\"},\"primaryImageOfPage\":{\"@id\":\"https:\\\/\\\/chamberlainsmarine.com\\\/product\\\/1603275-silent-rider-muffler\\\/#primaryimage\"},\"image\":{\"@id\":\"https:\\\/\\\/chamberlainsmarine.com\\\/product\\\/1603275-silent-rider-muffler\\\/#primaryimage\"},\"thumbnailUrl\":\"https:\\\/\\\/chamberlainsmarine.com\\\/wp-content\\\/uploads\\\/2024\\\/09\\\/Muffler-5.jpg\",\"datePublished\":\"2024-09-19T15:35:36+00:00\",\"description\":\"Shop Chamberlain Marine for a Ski Boat Muffler that is located on the rear of the engine. Inlets and outlets range from 3 inches to 4 inches\",\"breadcrumb\":{\"@id\":\"https:\\\/\\\/chamberlainsmarine.com\\\/product\\\/1603275-silent-rider-muffler\\\/#breadcrumb\"},\"inLanguage\":\"es\",\"potentialAction\":[{\"@type\":\"ReadAction\",\"target\":[\"https:\\\/\\\/chamberlainsmarine.com\\\/product\\\/1603275-silent-rider-muffler\\\/\"]}]},{\"@type\":\"ImageObject\",\"inLanguage\":\"es\",\"@id\":\"https:\\\/\\\/chamberlainsmarine.com\\\/product\\\/1603275-silent-rider-muffler\\\/#primaryimage\",\"url\":\"https:\\\/\\\/chamberlainsmarine.com\\\/wp-content\\\/uploads\\\/2024\\\/09\\\/Muffler-5.jpg\",\"contentUrl\":\"https:\\\/\\\/chamberlainsmarine.com\\\/wp-content\\\/uploads\\\/2024\\\/09\\\/Muffler-5.jpg\",\"width\":500,\"height\":500},{\"@type\":\"BreadcrumbList\",\"@id\":\"https:\\\/\\\/chamberlainsmarine.com\\\/product\\\/1603275-silent-rider-muffler\\\/#breadcrumb\",\"itemListElement\":[{\"@type\":\"ListItem\",\"position\":1,\"name\":\"Home\",\"item\":\"https:\\\/\\\/chamberlainsmarine.com\\\/\"},{\"@type\":\"ListItem\",\"position\":2,\"name\":\"Shop\",\"item\":\"https:\\\/\\\/chamberlainsmarine.com\\\/shop\\\/\"},{\"@type\":\"ListItem\",\"position\":3,\"name\":\"1603275 Silent Rider Muffler\"}]},{\"@type\":\"WebSite\",\"@id\":\"https:\\\/\\\/chamberlainsmarine.com\\\/#website\",\"url\":\"https:\\\/\\\/chamberlainsmarine.com\\\/\",\"name\":\"Chamberlain's Marine Engines - Transmissions - Mufflers\",\"description\":\"Marine Engines, Mufflers, Transmissions, and more\",\"potentialAction\":[{\"@type\":\"SearchAction\",\"target\":{\"@type\":\"EntryPoint\",\"urlTemplate\":\"https:\\\/\\\/chamberlainsmarine.com\\\/?s={search_term_string}\"},\"query-input\":{\"@type\":\"PropertyValueSpecification\",\"valueRequired\":true,\"valueName\":\"search_term_string\"}}],\"inLanguage\":\"es\"}]}<\/script>\n<!-- \/ Yoast SEO plugin. -->","yoast_head_json":{"title":"1603275 Silenciador Silent Rider - Chamberlain Marine","description":"Tienda Chamberlain Marine para un silenciador de barco de esqu\u00ed que se encuentra en la parte trasera del motor. Las entradas y salidas var\u00edan de 3 pulgadas a 4 pulgadas","robots":{"index":"index","follow":"follow","max-snippet":"max-snippet:-1","max-image-preview":"max-image-preview:large","max-video-preview":"max-video-preview:-1"},"canonical":"https:\/\/chamberlainsmarine.com\/es\/producto\/1603275-silent-rider-muffler\/","og_locale":"es_MX","og_type":"article","og_title":"1603275 Silent Rider Muffler - Chamberlain Marine","og_description":"Shop Chamberlain Marine for a Ski Boat Muffler that is located on the rear of the engine. Inlets and outlets range from 3 inches to 4 inches","og_url":"https:\/\/chamberlainsmarine.com\/es\/producto\/1603275-silent-rider-muffler\/","og_site_name":"Chamberlain Marine","og_image":[{"width":500,"height":500,"url":"https:\/\/chamberlainsmarine.com\/wp-content\/uploads\/2024\/09\/Muffler-5.jpg","type":"image\/jpeg"}],"twitter_card":"summary_large_image","twitter_misc":{"Tiempo de lectura":"1 minuto"},"schema":{"@context":"https:\/\/schema.org","@graph":[{"@type":"WebPage","@id":"https:\/\/chamberlainsmarine.com\/product\/1603275-silent-rider-muffler\/","url":"https:\/\/chamberlainsmarine.com\/product\/1603275-silent-rider-muffler\/","name":"1603275 Silenciador Silent Rider - Chamberlain Marine","isPartOf":{"@id":"https:\/\/chamberlainsmarine.com\/#website"},"primaryImageOfPage":{"@id":"https:\/\/chamberlainsmarine.com\/product\/1603275-silent-rider-muffler\/#primaryimage"},"image":{"@id":"https:\/\/chamberlainsmarine.com\/product\/1603275-silent-rider-muffler\/#primaryimage"},"thumbnailUrl":"https:\/\/chamberlainsmarine.com\/wp-content\/uploads\/2024\/09\/Muffler-5.jpg","datePublished":"2024-09-19T15:35:36+00:00","description":"Tienda Chamberlain Marine para un silenciador de barco de esqu\u00ed que se encuentra en la parte trasera del motor. Las entradas y salidas var\u00edan de 3 pulgadas a 4 pulgadas","breadcrumb":{"@id":"https:\/\/chamberlainsmarine.com\/product\/1603275-silent-rider-muffler\/#breadcrumb"},"inLanguage":"es","potentialAction":[{"@type":"ReadAction","target":["https:\/\/chamberlainsmarine.com\/product\/1603275-silent-rider-muffler\/"]}]},{"@type":"ImageObject","inLanguage":"es","@id":"https:\/\/chamberlainsmarine.com\/product\/1603275-silent-rider-muffler\/#primaryimage","url":"https:\/\/chamberlainsmarine.com\/wp-content\/uploads\/2024\/09\/Muffler-5.jpg","contentUrl":"https:\/\/chamberlainsmarine.com\/wp-content\/uploads\/2024\/09\/Muffler-5.jpg","width":500,"height":500},{"@type":"BreadcrumbList","@id":"https:\/\/chamberlainsmarine.com\/product\/1603275-silent-rider-muffler\/#breadcrumb","itemListElement":[{"@type":"ListItem","position":1,"name":"Home","item":"https:\/\/chamberlainsmarine.com\/"},{"@type":"ListItem","position":2,"name":"Shop","item":"https:\/\/chamberlainsmarine.com\/shop\/"},{"@type":"ListItem","position":3,"name":"1603275 Silent Rider Muffler"}]},{"@type":"WebSite","@id":"https:\/\/chamberlainsmarine.com\/#website","url":"https:\/\/chamberlainsmarine.com\/","name":"Chamberlain's Marine Motores - Transmisiones - Silenciadores","description":"Motores marinos, silenciadores, transmisiones y mucho m\u00e1s","potentialAction":[{"@type":"SearchAction","target":{"@type":"EntryPoint","urlTemplate":"https:\/\/chamberlainsmarine.com\/?s={search_term_string}"},"query-input":{"@type":"PropertyValueSpecification","valueRequired":true,"valueName":"search_term_string"}}],"inLanguage":"es"}]}},"_links":{"self":[{"href":"https:\/\/chamberlainsmarine.com\/es\/wp-json\/wp\/v2\/product\/231","targetHints":{"allow":["GET"]}}],"collection":[{"href":"https:\/\/chamberlainsmarine.com\/es\/wp-json\/wp\/v2\/product"}],"about":[{"href":"https:\/\/chamberlainsmarine.com\/es\/wp-json\/wp\/v2\/types\/product"}],"replies":[{"embeddable":true,"href":"https:\/\/chamberlainsmarine.com\/es\/wp-json\/wp\/v2\/comments?post=231"}],"wp:featuredmedia":[{"embeddable":true,"href":"https:\/\/chamberlainsmarine.com\/es\/wp-json\/wp\/v2\/media\/232"}],"wp:attachment":[{"href":"https:\/\/chamberlainsmarine.com\/es\/wp-json\/wp\/v2\/media?parent=231"}],"wp:term":[{"taxonomy":"product_brand","embeddable":true,"href":"https:\/\/chamberlainsmarine.com\/es\/wp-json\/wp\/v2\/product_brand?post=231"},{"taxonomy":"product_cat","embeddable":true,"href":"https:\/\/chamberlainsmarine.com\/es\/wp-json\/wp\/v2\/product_cat?post=231"},{"taxonomy":"product_tag","embeddable":true,"href":"https:\/\/chamberlainsmarine.com\/es\/wp-json\/wp\/v2\/product_tag?post=231"}],"curies":[{"name":"wp","href":"https:\/\/api.w.org\/{rel}","templated":true}]}}