{"id":227,"date":"2024-09-18T15:23:59","date_gmt":"2024-09-18T15:23:59","guid":{"rendered":"https:\/\/chamberlainsmarine.com\/?post_type=product&#038;p=227"},"modified":"2024-09-19T15:38:02","modified_gmt":"2024-09-19T15:38:02","slug":"1000217-verna-ski-muffler","status":"publish","type":"product","link":"https:\/\/chamberlainsmarine.com\/es\/producto\/1000217-verna-ski-muffler\/","title":{"rendered":"1000217 Silenciador de esqu\u00ed Verna"},"content":{"rendered":"<p>Aplicaci\u00f3n: Silenciador Centek para barcos de esqu\u00ed con motores de gas. Disponible en muchos tama\u00f1os diferentes de entrada\/salida Precio desde 279,00 para 3 pulgadas DEBE LLAMAR CON LA APLICACI\u00d3N Y DIMENSIONES<\/p>","protected":false},"excerpt":{"rendered":"<p>Aplicaci\u00f3n: Silenciador Centek para barcos de esqu\u00ed con motores de gas. Disponible en muchos tama\u00f1os diferentes de entrada\/salida Precio desde 279,00 para 3 pulgadas DEBE LLAMAR CON LA APLICACI\u00d3N Y DIMENSIONES<\/p>","protected":false},"featured_media":228,"comment_status":"open","ping_status":"closed","template":"","meta":{"_et_pb_use_builder":"","_et_pb_old_content":"","_et_gb_content_width":""},"product_brand":[],"product_cat":[24],"product_tag":[],"class_list":{"0":"post-227","1":"product","2":"type-product","3":"status-publish","4":"has-post-thumbnail","6":"product_cat-marine-mufflers","8":"first","9":"instock","10":"shipping-taxable","11":"purchasable","12":"product-type-simple"},"yoast_head":"<!-- This site is optimized with the Yoast SEO plugin v27.4 - https:\/\/yoast.com\/product\/yoast-seo-wordpress\/ -->\n<title>1000217 Verna Ski Muffler - Chamberlain Marine<\/title>\n<meta name=\"description\" content=\"Shop Chamberlain Marine for a Centek Boat muffler for Ski boats with gas engines. Available in many different inlet\/outlet sizes.\" \/>\n<meta name=\"robots\" content=\"index, follow, max-snippet:-1, max-image-preview:large, max-video-preview:-1\" \/>\n<link rel=\"canonical\" href=\"https:\/\/chamberlainsmarine.com\/es\/producto\/1000217-verna-ski-muffler\/\" \/>\n<meta property=\"og:locale\" content=\"es_MX\" \/>\n<meta property=\"og:type\" content=\"article\" \/>\n<meta property=\"og:title\" content=\"1000217 Verna Ski Muffler - Chamberlain Marine\" \/>\n<meta property=\"og:description\" content=\"Shop Chamberlain Marine for a Centek Boat muffler for Ski boats with gas engines. Available in many different inlet\/outlet sizes.\" \/>\n<meta property=\"og:url\" content=\"https:\/\/chamberlainsmarine.com\/es\/producto\/1000217-verna-ski-muffler\/\" \/>\n<meta property=\"og:site_name\" content=\"Chamberlain Marine\" \/>\n<meta property=\"article:modified_time\" content=\"2024-09-19T15:38:02+00:00\" \/>\n<meta property=\"og:image\" content=\"https:\/\/chamberlainsmarine.com\/wp-content\/uploads\/2024\/09\/Muffler-2.jpg\" \/>\n\t<meta property=\"og:image:width\" content=\"500\" \/>\n\t<meta property=\"og:image:height\" content=\"359\" \/>\n\t<meta property=\"og:image:type\" content=\"image\/jpeg\" \/>\n<meta name=\"twitter:card\" content=\"summary_large_image\" \/>\n<meta name=\"twitter:label1\" content=\"Tiempo de lectura\" \/>\n\t<meta name=\"twitter:data1\" content=\"1 minuto\" \/>\n<script type=\"application\/ld+json\" class=\"yoast-schema-graph\">{\"@context\":\"https:\\\/\\\/schema.org\",\"@graph\":[{\"@type\":\"WebPage\",\"@id\":\"https:\\\/\\\/chamberlainsmarine.com\\\/product\\\/1000217-verna-ski-muffler\\\/\",\"url\":\"https:\\\/\\\/chamberlainsmarine.com\\\/product\\\/1000217-verna-ski-muffler\\\/\",\"name\":\"1000217 Verna Ski Muffler - Chamberlain Marine\",\"isPartOf\":{\"@id\":\"https:\\\/\\\/chamberlainsmarine.com\\\/#website\"},\"primaryImageOfPage\":{\"@id\":\"https:\\\/\\\/chamberlainsmarine.com\\\/product\\\/1000217-verna-ski-muffler\\\/#primaryimage\"},\"image\":{\"@id\":\"https:\\\/\\\/chamberlainsmarine.com\\\/product\\\/1000217-verna-ski-muffler\\\/#primaryimage\"},\"thumbnailUrl\":\"https:\\\/\\\/chamberlainsmarine.com\\\/wp-content\\\/uploads\\\/2024\\\/09\\\/Muffler-2.jpg\",\"datePublished\":\"2024-09-18T15:23:59+00:00\",\"dateModified\":\"2024-09-19T15:38:02+00:00\",\"description\":\"Shop Chamberlain Marine for a Centek Boat muffler for Ski boats with gas engines. Available in many different inlet\\\/outlet sizes.\",\"breadcrumb\":{\"@id\":\"https:\\\/\\\/chamberlainsmarine.com\\\/product\\\/1000217-verna-ski-muffler\\\/#breadcrumb\"},\"inLanguage\":\"es\",\"potentialAction\":[{\"@type\":\"ReadAction\",\"target\":[\"https:\\\/\\\/chamberlainsmarine.com\\\/product\\\/1000217-verna-ski-muffler\\\/\"]}]},{\"@type\":\"ImageObject\",\"inLanguage\":\"es\",\"@id\":\"https:\\\/\\\/chamberlainsmarine.com\\\/product\\\/1000217-verna-ski-muffler\\\/#primaryimage\",\"url\":\"https:\\\/\\\/chamberlainsmarine.com\\\/wp-content\\\/uploads\\\/2024\\\/09\\\/Muffler-2.jpg\",\"contentUrl\":\"https:\\\/\\\/chamberlainsmarine.com\\\/wp-content\\\/uploads\\\/2024\\\/09\\\/Muffler-2.jpg\",\"width\":500,\"height\":359},{\"@type\":\"BreadcrumbList\",\"@id\":\"https:\\\/\\\/chamberlainsmarine.com\\\/product\\\/1000217-verna-ski-muffler\\\/#breadcrumb\",\"itemListElement\":[{\"@type\":\"ListItem\",\"position\":1,\"name\":\"Home\",\"item\":\"https:\\\/\\\/chamberlainsmarine.com\\\/\"},{\"@type\":\"ListItem\",\"position\":2,\"name\":\"Shop\",\"item\":\"https:\\\/\\\/chamberlainsmarine.com\\\/shop\\\/\"},{\"@type\":\"ListItem\",\"position\":3,\"name\":\"1000217 Verna Ski Muffler\"}]},{\"@type\":\"WebSite\",\"@id\":\"https:\\\/\\\/chamberlainsmarine.com\\\/#website\",\"url\":\"https:\\\/\\\/chamberlainsmarine.com\\\/\",\"name\":\"Chamberlain's Marine Engines - Transmissions - Mufflers\",\"description\":\"Marine Engines, Mufflers, Transmissions, and more\",\"potentialAction\":[{\"@type\":\"SearchAction\",\"target\":{\"@type\":\"EntryPoint\",\"urlTemplate\":\"https:\\\/\\\/chamberlainsmarine.com\\\/?s={search_term_string}\"},\"query-input\":{\"@type\":\"PropertyValueSpecification\",\"valueRequired\":true,\"valueName\":\"search_term_string\"}}],\"inLanguage\":\"es\"}]}<\/script>\n<!-- \/ Yoast SEO plugin. -->","yoast_head_json":{"title":"1000217 Silenciador de esqu\u00ed Verna - Chamberlain Marine","description":"Compre en Chamberlain Marine un silenciador Centek Boat para barcos de esqu\u00ed con motores de gas. Disponible en muchos tama\u00f1os diferentes de entrada\/salida.","robots":{"index":"index","follow":"follow","max-snippet":"max-snippet:-1","max-image-preview":"max-image-preview:large","max-video-preview":"max-video-preview:-1"},"canonical":"https:\/\/chamberlainsmarine.com\/es\/producto\/1000217-verna-ski-muffler\/","og_locale":"es_MX","og_type":"article","og_title":"1000217 Verna Ski Muffler - Chamberlain Marine","og_description":"Shop Chamberlain Marine for a Centek Boat muffler for Ski boats with gas engines. Available in many different inlet\/outlet sizes.","og_url":"https:\/\/chamberlainsmarine.com\/es\/producto\/1000217-verna-ski-muffler\/","og_site_name":"Chamberlain Marine","article_modified_time":"2024-09-19T15:38:02+00:00","og_image":[{"width":500,"height":359,"url":"https:\/\/chamberlainsmarine.com\/wp-content\/uploads\/2024\/09\/Muffler-2.jpg","type":"image\/jpeg"}],"twitter_card":"summary_large_image","twitter_misc":{"Tiempo de lectura":"1 minuto"},"schema":{"@context":"https:\/\/schema.org","@graph":[{"@type":"WebPage","@id":"https:\/\/chamberlainsmarine.com\/product\/1000217-verna-ski-muffler\/","url":"https:\/\/chamberlainsmarine.com\/product\/1000217-verna-ski-muffler\/","name":"1000217 Silenciador de esqu\u00ed Verna - Chamberlain Marine","isPartOf":{"@id":"https:\/\/chamberlainsmarine.com\/#website"},"primaryImageOfPage":{"@id":"https:\/\/chamberlainsmarine.com\/product\/1000217-verna-ski-muffler\/#primaryimage"},"image":{"@id":"https:\/\/chamberlainsmarine.com\/product\/1000217-verna-ski-muffler\/#primaryimage"},"thumbnailUrl":"https:\/\/chamberlainsmarine.com\/wp-content\/uploads\/2024\/09\/Muffler-2.jpg","datePublished":"2024-09-18T15:23:59+00:00","dateModified":"2024-09-19T15:38:02+00:00","description":"Compre en Chamberlain Marine un silenciador Centek Boat para barcos de esqu\u00ed con motores de gas. Disponible en muchos tama\u00f1os diferentes de entrada\/salida.","breadcrumb":{"@id":"https:\/\/chamberlainsmarine.com\/product\/1000217-verna-ski-muffler\/#breadcrumb"},"inLanguage":"es","potentialAction":[{"@type":"ReadAction","target":["https:\/\/chamberlainsmarine.com\/product\/1000217-verna-ski-muffler\/"]}]},{"@type":"ImageObject","inLanguage":"es","@id":"https:\/\/chamberlainsmarine.com\/product\/1000217-verna-ski-muffler\/#primaryimage","url":"https:\/\/chamberlainsmarine.com\/wp-content\/uploads\/2024\/09\/Muffler-2.jpg","contentUrl":"https:\/\/chamberlainsmarine.com\/wp-content\/uploads\/2024\/09\/Muffler-2.jpg","width":500,"height":359},{"@type":"BreadcrumbList","@id":"https:\/\/chamberlainsmarine.com\/product\/1000217-verna-ski-muffler\/#breadcrumb","itemListElement":[{"@type":"ListItem","position":1,"name":"Home","item":"https:\/\/chamberlainsmarine.com\/"},{"@type":"ListItem","position":2,"name":"Shop","item":"https:\/\/chamberlainsmarine.com\/shop\/"},{"@type":"ListItem","position":3,"name":"1000217 Verna Ski Muffler"}]},{"@type":"WebSite","@id":"https:\/\/chamberlainsmarine.com\/#website","url":"https:\/\/chamberlainsmarine.com\/","name":"Chamberlain's Marine Motores - Transmisiones - Silenciadores","description":"Motores marinos, silenciadores, transmisiones y mucho m\u00e1s","potentialAction":[{"@type":"SearchAction","target":{"@type":"EntryPoint","urlTemplate":"https:\/\/chamberlainsmarine.com\/?s={search_term_string}"},"query-input":{"@type":"PropertyValueSpecification","valueRequired":true,"valueName":"search_term_string"}}],"inLanguage":"es"}]}},"_links":{"self":[{"href":"https:\/\/chamberlainsmarine.com\/es\/wp-json\/wp\/v2\/product\/227","targetHints":{"allow":["GET"]}}],"collection":[{"href":"https:\/\/chamberlainsmarine.com\/es\/wp-json\/wp\/v2\/product"}],"about":[{"href":"https:\/\/chamberlainsmarine.com\/es\/wp-json\/wp\/v2\/types\/product"}],"replies":[{"embeddable":true,"href":"https:\/\/chamberlainsmarine.com\/es\/wp-json\/wp\/v2\/comments?post=227"}],"wp:featuredmedia":[{"embeddable":true,"href":"https:\/\/chamberlainsmarine.com\/es\/wp-json\/wp\/v2\/media\/228"}],"wp:attachment":[{"href":"https:\/\/chamberlainsmarine.com\/es\/wp-json\/wp\/v2\/media?parent=227"}],"wp:term":[{"taxonomy":"product_brand","embeddable":true,"href":"https:\/\/chamberlainsmarine.com\/es\/wp-json\/wp\/v2\/product_brand?post=227"},{"taxonomy":"product_cat","embeddable":true,"href":"https:\/\/chamberlainsmarine.com\/es\/wp-json\/wp\/v2\/product_cat?post=227"},{"taxonomy":"product_tag","embeddable":true,"href":"https:\/\/chamberlainsmarine.com\/es\/wp-json\/wp\/v2\/product_tag?post=227"}],"curies":[{"name":"wp","href":"https:\/\/api.w.org\/{rel}","templated":true}]}}