{"id":219,"date":"2024-09-16T15:57:47","date_gmt":"2024-09-16T15:57:47","guid":{"rendered":"https:\/\/chamberlainsmarine.com\/?post_type=product&#038;p=219"},"modified":"2026-02-03T16:20:38","modified_gmt":"2026-02-03T16:20:38","slug":"1017-000-004-ra157001-transmission","status":"publish","type":"product","link":"https:\/\/chamberlainsmarine.com\/es\/producto\/1017-000-004-ra157001-transmission\/","title":{"rendered":"1017-000-004 (RA157001) Transmisi\u00f3n 71C 1:1"},"content":{"rendered":"<p>Borg Warner 71c transmisi\u00f3n directa 1:1 marina. Nueva de f\u00e1brica. 3 en stock.<\/p>\n<p><strong>LLAME PARA OBTENER PRECIOS ESPECIALES <\/strong><\/p>","protected":false},"excerpt":{"rendered":"<p>Transmisi\u00f3n marina Borg Warner 71c de transmisi\u00f3n directa 1:1. Nueva de f\u00e1brica. 3 en stock. LLAME PARA OBTENER PRECIOS ESPECIALES.<\/p>","protected":false},"featured_media":220,"comment_status":"open","ping_status":"closed","template":"","meta":{"_et_pb_use_builder":"","_et_pb_old_content":"","_et_gb_content_width":""},"product_brand":[],"product_cat":[23,20],"product_tag":[],"class_list":{"0":"post-219","1":"product","2":"type-product","3":"status-publish","4":"has-post-thumbnail","6":"product_cat-marine-transmissions","7":"product_cat-pleasurecraft-pcm-marine-engine-parts","9":"first","10":"instock","11":"shipping-taxable","12":"purchasable","13":"product-type-simple"},"yoast_head":"<!-- This site is optimized with the Yoast SEO plugin v27.4 - https:\/\/yoast.com\/product\/yoast-seo-wordpress\/ -->\n<title>1017-000-004 (RA157001) Transmission 71C 1:1 - Chamberlain Marine<\/title>\n<meta name=\"description\" content=\"Shop Chamberlain Marine for a Borg Warner 71c direct drive 1:1 marine transmission. Factory new. 3 in stock.\" \/>\n<meta name=\"robots\" content=\"index, follow, max-snippet:-1, max-image-preview:large, max-video-preview:-1\" \/>\n<link rel=\"canonical\" href=\"https:\/\/chamberlainsmarine.com\/es\/producto\/1017-000-004-ra157001-transmission\/\" \/>\n<meta property=\"og:locale\" content=\"es_MX\" \/>\n<meta property=\"og:type\" content=\"article\" \/>\n<meta property=\"og:title\" content=\"1017-000-004 (RA157001) Transmission 71C 1:1 - Chamberlain Marine\" \/>\n<meta property=\"og:description\" content=\"Shop Chamberlain Marine for a Borg Warner 71c direct drive 1:1 marine transmission. Factory new. 3 in stock.\" \/>\n<meta property=\"og:url\" content=\"https:\/\/chamberlainsmarine.com\/es\/producto\/1017-000-004-ra157001-transmission\/\" \/>\n<meta property=\"og:site_name\" content=\"Chamberlain Marine\" \/>\n<meta property=\"article:modified_time\" content=\"2026-02-03T16:20:38+00:00\" \/>\n<meta property=\"og:image\" content=\"https:\/\/chamberlainsmarine.com\/wp-content\/uploads\/2024\/09\/Transmission-2.jpg\" \/>\n\t<meta property=\"og:image:width\" content=\"500\" \/>\n\t<meta property=\"og:image:height\" content=\"500\" \/>\n\t<meta property=\"og:image:type\" content=\"image\/jpeg\" \/>\n<meta name=\"twitter:card\" content=\"summary_large_image\" \/>\n<meta name=\"twitter:label1\" content=\"Tiempo de lectura\" \/>\n\t<meta name=\"twitter:data1\" content=\"1 minuto\" \/>\n<script type=\"application\/ld+json\" class=\"yoast-schema-graph\">{\"@context\":\"https:\\\/\\\/schema.org\",\"@graph\":[{\"@type\":\"WebPage\",\"@id\":\"https:\\\/\\\/chamberlainsmarine.com\\\/product\\\/1017-000-004-ra157001-transmission\\\/\",\"url\":\"https:\\\/\\\/chamberlainsmarine.com\\\/product\\\/1017-000-004-ra157001-transmission\\\/\",\"name\":\"1017-000-004 (RA157001) Transmission 71C 1:1 - Chamberlain Marine\",\"isPartOf\":{\"@id\":\"https:\\\/\\\/chamberlainsmarine.com\\\/#website\"},\"primaryImageOfPage\":{\"@id\":\"https:\\\/\\\/chamberlainsmarine.com\\\/product\\\/1017-000-004-ra157001-transmission\\\/#primaryimage\"},\"image\":{\"@id\":\"https:\\\/\\\/chamberlainsmarine.com\\\/product\\\/1017-000-004-ra157001-transmission\\\/#primaryimage\"},\"thumbnailUrl\":\"https:\\\/\\\/chamberlainsmarine.com\\\/wp-content\\\/uploads\\\/2024\\\/09\\\/Transmission-2.jpg\",\"datePublished\":\"2024-09-16T15:57:47+00:00\",\"dateModified\":\"2026-02-03T16:20:38+00:00\",\"description\":\"Shop Chamberlain Marine for a Borg Warner 71c direct drive 1:1 marine transmission. Factory new. 3 in stock.\",\"breadcrumb\":{\"@id\":\"https:\\\/\\\/chamberlainsmarine.com\\\/product\\\/1017-000-004-ra157001-transmission\\\/#breadcrumb\"},\"inLanguage\":\"es\",\"potentialAction\":[{\"@type\":\"ReadAction\",\"target\":[\"https:\\\/\\\/chamberlainsmarine.com\\\/product\\\/1017-000-004-ra157001-transmission\\\/\"]}]},{\"@type\":\"ImageObject\",\"inLanguage\":\"es\",\"@id\":\"https:\\\/\\\/chamberlainsmarine.com\\\/product\\\/1017-000-004-ra157001-transmission\\\/#primaryimage\",\"url\":\"https:\\\/\\\/chamberlainsmarine.com\\\/wp-content\\\/uploads\\\/2024\\\/09\\\/Transmission-2.jpg\",\"contentUrl\":\"https:\\\/\\\/chamberlainsmarine.com\\\/wp-content\\\/uploads\\\/2024\\\/09\\\/Transmission-2.jpg\",\"width\":500,\"height\":500},{\"@type\":\"BreadcrumbList\",\"@id\":\"https:\\\/\\\/chamberlainsmarine.com\\\/product\\\/1017-000-004-ra157001-transmission\\\/#breadcrumb\",\"itemListElement\":[{\"@type\":\"ListItem\",\"position\":1,\"name\":\"Home\",\"item\":\"https:\\\/\\\/chamberlainsmarine.com\\\/\"},{\"@type\":\"ListItem\",\"position\":2,\"name\":\"Shop\",\"item\":\"https:\\\/\\\/chamberlainsmarine.com\\\/shop\\\/\"},{\"@type\":\"ListItem\",\"position\":3,\"name\":\"1017-000-004 (RA157001) Transmission 71C 1:1\"}]},{\"@type\":\"WebSite\",\"@id\":\"https:\\\/\\\/chamberlainsmarine.com\\\/#website\",\"url\":\"https:\\\/\\\/chamberlainsmarine.com\\\/\",\"name\":\"Chamberlain's Marine Engines - Transmissions - Mufflers\",\"description\":\"Marine Engines, Mufflers, Transmissions, and more\",\"potentialAction\":[{\"@type\":\"SearchAction\",\"target\":{\"@type\":\"EntryPoint\",\"urlTemplate\":\"https:\\\/\\\/chamberlainsmarine.com\\\/?s={search_term_string}\"},\"query-input\":{\"@type\":\"PropertyValueSpecification\",\"valueRequired\":true,\"valueName\":\"search_term_string\"}}],\"inLanguage\":\"es\"}]}<\/script>\n<!-- \/ Yoast SEO plugin. -->","yoast_head_json":{"title":"1017-000-004 (RA157001) Transmisi\u00f3n 71C 1:1 - Chamberlain Marine","description":"Tienda Chamberlain Marine para un Borg Warner 71c transmisi\u00f3n directa 1:1 marina. Nueva de f\u00e1brica. 3 en stock.","robots":{"index":"index","follow":"follow","max-snippet":"max-snippet:-1","max-image-preview":"max-image-preview:large","max-video-preview":"max-video-preview:-1"},"canonical":"https:\/\/chamberlainsmarine.com\/es\/producto\/1017-000-004-ra157001-transmission\/","og_locale":"es_MX","og_type":"article","og_title":"1017-000-004 (RA157001) Transmission 71C 1:1 - Chamberlain Marine","og_description":"Shop Chamberlain Marine for a Borg Warner 71c direct drive 1:1 marine transmission. Factory new. 3 in stock.","og_url":"https:\/\/chamberlainsmarine.com\/es\/producto\/1017-000-004-ra157001-transmission\/","og_site_name":"Chamberlain Marine","article_modified_time":"2026-02-03T16:20:38+00:00","og_image":[{"width":500,"height":500,"url":"https:\/\/chamberlainsmarine.com\/wp-content\/uploads\/2024\/09\/Transmission-2.jpg","type":"image\/jpeg"}],"twitter_card":"summary_large_image","twitter_misc":{"Tiempo de lectura":"1 minuto"},"schema":{"@context":"https:\/\/schema.org","@graph":[{"@type":"WebPage","@id":"https:\/\/chamberlainsmarine.com\/product\/1017-000-004-ra157001-transmission\/","url":"https:\/\/chamberlainsmarine.com\/product\/1017-000-004-ra157001-transmission\/","name":"1017-000-004 (RA157001) Transmisi\u00f3n 71C 1:1 - Chamberlain Marine","isPartOf":{"@id":"https:\/\/chamberlainsmarine.com\/#website"},"primaryImageOfPage":{"@id":"https:\/\/chamberlainsmarine.com\/product\/1017-000-004-ra157001-transmission\/#primaryimage"},"image":{"@id":"https:\/\/chamberlainsmarine.com\/product\/1017-000-004-ra157001-transmission\/#primaryimage"},"thumbnailUrl":"https:\/\/chamberlainsmarine.com\/wp-content\/uploads\/2024\/09\/Transmission-2.jpg","datePublished":"2024-09-16T15:57:47+00:00","dateModified":"2026-02-03T16:20:38+00:00","description":"Tienda Chamberlain Marine para un Borg Warner 71c transmisi\u00f3n directa 1:1 marina. Nueva de f\u00e1brica. 3 en stock.","breadcrumb":{"@id":"https:\/\/chamberlainsmarine.com\/product\/1017-000-004-ra157001-transmission\/#breadcrumb"},"inLanguage":"es","potentialAction":[{"@type":"ReadAction","target":["https:\/\/chamberlainsmarine.com\/product\/1017-000-004-ra157001-transmission\/"]}]},{"@type":"ImageObject","inLanguage":"es","@id":"https:\/\/chamberlainsmarine.com\/product\/1017-000-004-ra157001-transmission\/#primaryimage","url":"https:\/\/chamberlainsmarine.com\/wp-content\/uploads\/2024\/09\/Transmission-2.jpg","contentUrl":"https:\/\/chamberlainsmarine.com\/wp-content\/uploads\/2024\/09\/Transmission-2.jpg","width":500,"height":500},{"@type":"BreadcrumbList","@id":"https:\/\/chamberlainsmarine.com\/product\/1017-000-004-ra157001-transmission\/#breadcrumb","itemListElement":[{"@type":"ListItem","position":1,"name":"Home","item":"https:\/\/chamberlainsmarine.com\/"},{"@type":"ListItem","position":2,"name":"Shop","item":"https:\/\/chamberlainsmarine.com\/shop\/"},{"@type":"ListItem","position":3,"name":"1017-000-004 (RA157001) Transmission 71C 1:1"}]},{"@type":"WebSite","@id":"https:\/\/chamberlainsmarine.com\/#website","url":"https:\/\/chamberlainsmarine.com\/","name":"Chamberlain's Marine Motores - Transmisiones - Silenciadores","description":"Motores marinos, silenciadores, transmisiones y mucho m\u00e1s","potentialAction":[{"@type":"SearchAction","target":{"@type":"EntryPoint","urlTemplate":"https:\/\/chamberlainsmarine.com\/?s={search_term_string}"},"query-input":{"@type":"PropertyValueSpecification","valueRequired":true,"valueName":"search_term_string"}}],"inLanguage":"es"}]}},"_links":{"self":[{"href":"https:\/\/chamberlainsmarine.com\/es\/wp-json\/wp\/v2\/product\/219","targetHints":{"allow":["GET"]}}],"collection":[{"href":"https:\/\/chamberlainsmarine.com\/es\/wp-json\/wp\/v2\/product"}],"about":[{"href":"https:\/\/chamberlainsmarine.com\/es\/wp-json\/wp\/v2\/types\/product"}],"replies":[{"embeddable":true,"href":"https:\/\/chamberlainsmarine.com\/es\/wp-json\/wp\/v2\/comments?post=219"}],"wp:featuredmedia":[{"embeddable":true,"href":"https:\/\/chamberlainsmarine.com\/es\/wp-json\/wp\/v2\/media\/220"}],"wp:attachment":[{"href":"https:\/\/chamberlainsmarine.com\/es\/wp-json\/wp\/v2\/media?parent=219"}],"wp:term":[{"taxonomy":"product_brand","embeddable":true,"href":"https:\/\/chamberlainsmarine.com\/es\/wp-json\/wp\/v2\/product_brand?post=219"},{"taxonomy":"product_cat","embeddable":true,"href":"https:\/\/chamberlainsmarine.com\/es\/wp-json\/wp\/v2\/product_cat?post=219"},{"taxonomy":"product_tag","embeddable":true,"href":"https:\/\/chamberlainsmarine.com\/es\/wp-json\/wp\/v2\/product_tag?post=219"}],"curies":[{"name":"wp","href":"https:\/\/api.w.org\/{rel}","templated":true}]}}